{"id":10,"date":"2022-06-15T16:47:41","date_gmt":"2022-06-15T19:47:41","guid":{"rendered":"http:\/\/www.tesla.med.br\/?page_id=10"},"modified":"2022-07-21T12:44:49","modified_gmt":"2022-07-21T15:44:49","slug":"tesla","status":"publish","type":"page","link":"http:\/\/www.tesla.med.br\/","title":{"rendered":"Tesla Blindagens"},"content":{"rendered":"\t\t<div data-elementor-type=\"wp-page\" data-elementor-id=\"10\" class=\"elementor elementor-10\">\n\t\t\t\t\t\t<section class=\"elementor-section elementor-top-section elementor-element elementor-element-1103bee elementor-section-full_width elementor-section-height-default elementor-section-height-default\" data-id=\"1103bee\" data-element_type=\"section\">\n\t\t\t\t\t\t<div class=\"elementor-container elementor-column-gap-no\">\n\t\t\t\t\t<div class=\"elementor-column elementor-col-100 elementor-top-column elementor-element elementor-element-ecee0bd\" data-id=\"ecee0bd\" data-element_type=\"column\">\n\t\t\t<div class=\"elementor-widget-wrap elementor-element-populated\">\n\t\t\t\t\t\t<div class=\"elementor-element elementor-element-aaa9128 elementor-invisible elementor-widget elementor-widget-image\" data-id=\"aaa9128\" data-element_type=\"widget\" data-settings=\"{&quot;_animation&quot;:&quot;zoomIn&quot;}\" data-widget_type=\"image.default\">\n\t\t\t\t<div class=\"elementor-widget-container\">\n\t\t\t<style>\/*! elementor - v3.22.0 - 24-06-2024 *\/\n.elementor-widget-image{text-align:center}.elementor-widget-image a{display:inline-block}.elementor-widget-image a img[src$=\".svg\"]{width:48px}.elementor-widget-image img{vertical-align:middle;display:inline-block}<\/style>\t\t\t\t\t\t\t\t\t\t<img fetchpriority=\"high\" decoding=\"async\" width=\"1147\" height=\"672\" src=\"http:\/\/www.tesla.med.br\/wp-content\/uploads\/2022\/07\/back-light-c-1.jpg\" class=\"attachment-full size-full wp-image-502\" alt=\"\" srcset=\"http:\/\/www.tesla.med.br\/wp-content\/uploads\/2022\/07\/back-light-c-1.jpg 1147w, http:\/\/www.tesla.med.br\/wp-content\/uploads\/2022\/07\/back-light-c-1-300x176.jpg 300w, http:\/\/www.tesla.med.br\/wp-content\/uploads\/2022\/07\/back-light-c-1-1024x600.jpg 1024w, http:\/\/www.tesla.med.br\/wp-content\/uploads\/2022\/07\/back-light-c-1-768x450.jpg 768w\" sizes=\"(max-width: 1147px) 100vw, 1147px\" \/>\t\t\t\t\t\t\t\t\t\t\t\t\t<\/div>\n\t\t\t\t<\/div>\n\t\t\t\t\t<\/div>\n\t\t<\/div>\n\t\t\t\t\t<\/div>\n\t\t<\/section>\n\t\t\t\t<section class=\"elementor-section elementor-top-section elementor-element elementor-element-d939c3d elementor-section-boxed elementor-section-height-default elementor-section-height-default\" data-id=\"d939c3d\" data-element_type=\"section\">\n\t\t\t\t\t\t<div class=\"elementor-container elementor-column-gap-default\">\n\t\t\t\t\t<div class=\"elementor-column elementor-col-100 elementor-top-column elementor-element elementor-element-d8fc593\" data-id=\"d8fc593\" data-element_type=\"column\">\n\t\t\t<div class=\"elementor-widget-wrap elementor-element-populated\">\n\t\t\t\t\t\t<div class=\"elementor-element elementor-element-ff3649d elementor-widget elementor-widget-text-editor\" data-id=\"ff3649d\" data-element_type=\"widget\" data-widget_type=\"text-editor.default\">\n\t\t\t\t<div class=\"elementor-widget-container\">\n\t\t\t<style>\/*! elementor - v3.22.0 - 24-06-2024 *\/\n.elementor-widget-text-editor.elementor-drop-cap-view-stacked .elementor-drop-cap{background-color:#69727d;color:#fff}.elementor-widget-text-editor.elementor-drop-cap-view-framed .elementor-drop-cap{color:#69727d;border:3px solid;background-color:transparent}.elementor-widget-text-editor:not(.elementor-drop-cap-view-default) .elementor-drop-cap{margin-top:8px}.elementor-widget-text-editor:not(.elementor-drop-cap-view-default) .elementor-drop-cap-letter{width:1em;height:1em}.elementor-widget-text-editor .elementor-drop-cap{float:left;text-align:center;line-height:1;font-size:50px}.elementor-widget-text-editor .elementor-drop-cap-letter{display:inline-block}<\/style>\t\t\t\t<h3>Tesla Blindagens. Mais de 20 anos de experi\u00eancia no mercado m\u00e9dico hospitalar.<\/h3>\t\t\t\t\t\t<\/div>\n\t\t\t\t<\/div>\n\t\t\t\t\t<\/div>\n\t\t<\/div>\n\t\t\t\t\t<\/div>\n\t\t<\/section>\n\t\t\t\t<section class=\"elementor-section elementor-top-section elementor-element elementor-element-e73189d elementor-section-boxed elementor-section-height-default elementor-section-height-default\" data-id=\"e73189d\" data-element_type=\"section\">\n\t\t\t\t\t\t<div class=\"elementor-container elementor-column-gap-default\">\n\t\t\t\t\t<div class=\"elementor-column elementor-col-33 elementor-top-column elementor-element elementor-element-10c28e4\" data-id=\"10c28e4\" data-element_type=\"column\">\n\t\t\t<div class=\"elementor-widget-wrap elementor-element-populated\">\n\t\t\t\t\t\t<div class=\"elementor-element elementor-element-1804488 elementor-widget elementor-widget-text-editor\" data-id=\"1804488\" data-element_type=\"widget\" data-widget_type=\"text-editor.default\">\n\t\t\t\t<div class=\"elementor-widget-container\">\n\t\t\t\t\t\t\t<p>A Tesla consolidou-se\u00a0 no mercado nacional a partir de 2016, ofertando produtos e servi\u00e7os de excelente qualidade e respeito ao cliente. <br \/>Seus fundadores somaram ao longo de 20 anos de experi\u00eancia no mercado m\u00e9dico hospitalar as melhores refer\u00eancias e an\u00e1lises para atender exclusivamente cada projeto de cada cliente em espec\u00edfico, com excel\u00eancia e\u00a0 atendimento personalizado\/t\u00e9cnico em Blindagens RF e seus perif\u00e9ricos. Identificamos que o mercado nacional possu\u00eda car\u00eancia de produtos e servi\u00e7os de alta qualidade. <br \/>Possu\u00edmos <em>Know-how<\/em> consolidado nos principais Parques de Diagn\u00f3sticos por Imagem do Brasil, buscando sempre novas parcerias, desenvolvimento de novos produtos e aprimoramento t\u00e9cnico.<\/p>\t\t\t\t\t\t<\/div>\n\t\t\t\t<\/div>\n\t\t\t\t\t<\/div>\n\t\t<\/div>\n\t\t\t\t<div class=\"elementor-column elementor-col-33 elementor-top-column elementor-element elementor-element-2691a5a\" data-id=\"2691a5a\" data-element_type=\"column\">\n\t\t\t<div class=\"elementor-widget-wrap elementor-element-populated\">\n\t\t\t\t\t\t<div class=\"elementor-element elementor-element-85eceef elementor-invisible elementor-widget elementor-widget-image\" data-id=\"85eceef\" data-element_type=\"widget\" data-settings=\"{&quot;_animation&quot;:&quot;zoomIn&quot;}\" data-widget_type=\"image.default\">\n\t\t\t\t<div class=\"elementor-widget-container\">\n\t\t\t\t\t\t\t\t\t\t\t\t\t<img decoding=\"async\" width=\"800\" height=\"615\" src=\"http:\/\/www.tesla.med.br\/wp-content\/uploads\/2022\/07\/foto21-1024x787.jpg\" class=\"attachment-large size-large wp-image-470\" alt=\"\" srcset=\"http:\/\/www.tesla.med.br\/wp-content\/uploads\/2022\/07\/foto21-1024x787.jpg 1024w, http:\/\/www.tesla.med.br\/wp-content\/uploads\/2022\/07\/foto21-300x231.jpg 300w, http:\/\/www.tesla.med.br\/wp-content\/uploads\/2022\/07\/foto21-768x591.jpg 768w, http:\/\/www.tesla.med.br\/wp-content\/uploads\/2022\/07\/foto21.jpg 1164w\" sizes=\"(max-width: 800px) 100vw, 800px\" \/>\t\t\t\t\t\t\t\t\t\t\t\t\t<\/div>\n\t\t\t\t<\/div>\n\t\t\t\t\t<\/div>\n\t\t<\/div>\n\t\t\t\t<div class=\"elementor-column elementor-col-33 elementor-top-column elementor-element elementor-element-baf29b1\" data-id=\"baf29b1\" data-element_type=\"column\">\n\t\t\t<div class=\"elementor-widget-wrap elementor-element-populated\">\n\t\t\t\t\t\t<div class=\"elementor-element elementor-element-f495a84 elementor-invisible elementor-widget elementor-widget-image\" data-id=\"f495a84\" data-element_type=\"widget\" data-settings=\"{&quot;_animation&quot;:&quot;zoomIn&quot;}\" data-widget_type=\"image.default\">\n\t\t\t\t<div class=\"elementor-widget-container\">\n\t\t\t\t\t\t\t\t\t\t\t\t\t<img decoding=\"async\" width=\"800\" height=\"843\" src=\"http:\/\/www.tesla.med.br\/wp-content\/uploads\/2022\/07\/tesla-acabamentos-gerais-tra-01-972x1024.jpg\" class=\"attachment-large size-large wp-image-416\" alt=\"\" srcset=\"http:\/\/www.tesla.med.br\/wp-content\/uploads\/2022\/07\/tesla-acabamentos-gerais-tra-01-972x1024.jpg 972w, http:\/\/www.tesla.med.br\/wp-content\/uploads\/2022\/07\/tesla-acabamentos-gerais-tra-01-285x300.jpg 285w, http:\/\/www.tesla.med.br\/wp-content\/uploads\/2022\/07\/tesla-acabamentos-gerais-tra-01-768x809.jpg 768w, http:\/\/www.tesla.med.br\/wp-content\/uploads\/2022\/07\/tesla-acabamentos-gerais-tra-01.jpg 1170w\" sizes=\"(max-width: 800px) 100vw, 800px\" \/>\t\t\t\t\t\t\t\t\t\t\t\t\t<\/div>\n\t\t\t\t<\/div>\n\t\t\t\t\t<\/div>\n\t\t<\/div>\n\t\t\t\t\t<\/div>\n\t\t<\/section>\n\t\t\t\t<section class=\"elementor-section elementor-top-section elementor-element elementor-element-c8879f4 elementor-section-boxed elementor-section-height-default elementor-section-height-default\" data-id=\"c8879f4\" data-element_type=\"section\" data-settings=\"{&quot;background_background&quot;:&quot;classic&quot;}\">\n\t\t\t\t\t\t<div class=\"elementor-container elementor-column-gap-default\">\n\t\t\t\t\t<div class=\"elementor-column elementor-col-25 elementor-top-column elementor-element elementor-element-ec14eb5\" data-id=\"ec14eb5\" data-element_type=\"column\" data-settings=\"{&quot;background_background&quot;:&quot;classic&quot;}\">\n\t\t\t<div class=\"elementor-widget-wrap elementor-element-populated\">\n\t\t\t\t\t\t<div class=\"elementor-element elementor-element-cc2d1dd elementor-widget elementor-widget-image\" data-id=\"cc2d1dd\" data-element_type=\"widget\" data-widget_type=\"image.default\">\n\t\t\t\t<div class=\"elementor-widget-container\">\n\t\t\t\t\t\t\t\t\t\t\t\t\t<img decoding=\"async\" src=\"http:\/\/www.tesla.med.br\/wp-content\/uploads\/elementor\/thumbs\/tesla-logotipo-site-pqeixww2ufo2m4pwnzg3qkqelyeeqlc7ucf8inoous.png\" title=\"tesla-logotipo-site\" alt=\"tesla-logotipo-site\" loading=\"lazy\" \/>\t\t\t\t\t\t\t\t\t\t\t\t\t<\/div>\n\t\t\t\t<\/div>\n\t\t\t\t\t<\/div>\n\t\t<\/div>\n\t\t\t\t<div class=\"elementor-column elementor-col-25 elementor-top-column elementor-element elementor-element-eb88979\" data-id=\"eb88979\" data-element_type=\"column\">\n\t\t\t<div class=\"elementor-widget-wrap elementor-element-populated\">\n\t\t\t\t\t\t<div class=\"elementor-element elementor-element-f30c2b3 elementor-widget elementor-widget-text-editor\" data-id=\"f30c2b3\" data-element_type=\"widget\" data-widget_type=\"text-editor.default\">\n\t\t\t\t<div class=\"elementor-widget-container\">\n\t\t\t\t\t\t\t<p><strong>COMERCIAL\/ADM<\/strong><br \/>Rua Campos Sales, 153, sala 1<br \/>Barcelona &#8211; S\u00e3o Caetano do Sul &#8211; SP<br \/>CEP 09551-310<\/p><p><strong>PRODU\u00c7\u00c3O\/PICKING<\/strong><br \/>Rua Floresbal Chacon Martins, 255<br \/>Vila Suissa &#8211; Mogi das Cruzes &#8211; SP<br \/>CEP 08810-305<\/p>\t\t\t\t\t\t<\/div>\n\t\t\t\t<\/div>\n\t\t\t\t\t<\/div>\n\t\t<\/div>\n\t\t\t\t<div class=\"elementor-column elementor-col-25 elementor-top-column elementor-element elementor-element-8325d0c\" data-id=\"8325d0c\" data-element_type=\"column\">\n\t\t\t<div class=\"elementor-widget-wrap elementor-element-populated\">\n\t\t\t\t\t\t<div class=\"elementor-element elementor-element-5ecd99a elementor-widget elementor-widget-text-editor\" data-id=\"5ecd99a\" data-element_type=\"widget\" data-widget_type=\"text-editor.default\">\n\t\t\t\t<div class=\"elementor-widget-container\">\n\t\t\t\t\t\t\t<p><strong>FALE CONOSCO<br \/><\/strong><strong>+55 (11) 2759-2701<br \/><\/strong><strong>+55 (11) 95202-4338<br \/><\/strong>contato@tesla.med.br<\/p>\t\t\t\t\t\t<\/div>\n\t\t\t\t<\/div>\n\t\t\t\t\t<\/div>\n\t\t<\/div>\n\t\t\t\t<div class=\"elementor-column elementor-col-25 elementor-top-column elementor-element elementor-element-853e8cb\" data-id=\"853e8cb\" data-element_type=\"column\">\n\t\t\t<div class=\"elementor-widget-wrap elementor-element-populated\">\n\t\t\t\t\t\t<div class=\"elementor-element elementor-element-ffdd144 elementor-widget__width-initial elementor-widget elementor-widget-text-editor\" data-id=\"ffdd144\" data-element_type=\"widget\" data-widget_type=\"text-editor.default\">\n\t\t\t\t<div class=\"elementor-widget-container\">\n\t\t\t\t\t\t\t<p><strong>REDE SOCIAL<br \/><a href=\"https:\/\/www.facebook.com\/Tesla-Blindagens-276743273204205\/\"><img loading=\"lazy\" decoding=\"async\" class=\"alignnone wp-image-580\" src=\"http:\/\/www.tesla.med.br\/wp-content\/uploads\/2022\/07\/facebook.png\" alt=\"\" width=\"60\" height=\"61\" srcset=\"http:\/\/www.tesla.med.br\/wp-content\/uploads\/2022\/07\/facebook.png 200w, http:\/\/www.tesla.med.br\/wp-content\/uploads\/2022\/07\/facebook-150x150.png 150w\" sizes=\"(max-width: 60px) 100vw, 60px\" \/><\/a> <img loading=\"lazy\" decoding=\"async\" class=\"alignnone wp-image-581\" src=\"http:\/\/www.tesla.med.br\/wp-content\/uploads\/2022\/07\/instagram.png\" alt=\"\" width=\"60\" height=\"61\" srcset=\"http:\/\/www.tesla.med.br\/wp-content\/uploads\/2022\/07\/instagram.png 200w, http:\/\/www.tesla.med.br\/wp-content\/uploads\/2022\/07\/instagram-150x150.png 150w\" sizes=\"(max-width: 60px) 100vw, 60px\" \/> <img loading=\"lazy\" decoding=\"async\" class=\"alignnone wp-image-582\" src=\"http:\/\/www.tesla.med.br\/wp-content\/uploads\/2022\/07\/twiter.png\" alt=\"\" width=\"60\" height=\"61\" srcset=\"http:\/\/www.tesla.med.br\/wp-content\/uploads\/2022\/07\/twiter.png 200w, http:\/\/www.tesla.med.br\/wp-content\/uploads\/2022\/07\/twiter-150x150.png 150w\" sizes=\"(max-width: 60px) 100vw, 60px\" \/><br \/><\/strong><\/p>\t\t\t\t\t\t<\/div>\n\t\t\t\t<\/div>\n\t\t\t\t\t<\/div>\n\t\t<\/div>\n\t\t\t\t\t<\/div>\n\t\t<\/section>\n\t\t\t\t<\/div>\n\t\t","protected":false},"excerpt":{"rendered":"<p>Tesla Blindagens. Mais de 20 anos de experi\u00eancia no mercado m\u00e9dico hospitalar. A Tesla consolidou-se\u00a0 no mercado nacional a partir de 2016, ofertando produtos e servi\u00e7os de excelente qualidade e respeito ao cliente. Seus fundadores somaram ao longo de 20 anos de experi\u00eancia no mercado m\u00e9dico hospitalar as melhores refer\u00eancias e an\u00e1lises para atender exclusivamente [&hellip;]<\/p>\n","protected":false},"author":1,"featured_media":0,"parent":0,"menu_order":0,"comment_status":"closed","ping_status":"closed","template":"","meta":{"footnotes":""},"_links":{"self":[{"href":"http:\/\/www.tesla.med.br\/index.php\/wp-json\/wp\/v2\/pages\/10"}],"collection":[{"href":"http:\/\/www.tesla.med.br\/index.php\/wp-json\/wp\/v2\/pages"}],"about":[{"href":"http:\/\/www.tesla.med.br\/index.php\/wp-json\/wp\/v2\/types\/page"}],"author":[{"embeddable":true,"href":"http:\/\/www.tesla.med.br\/index.php\/wp-json\/wp\/v2\/users\/1"}],"replies":[{"embeddable":true,"href":"http:\/\/www.tesla.med.br\/index.php\/wp-json\/wp\/v2\/comments?post=10"}],"version-history":[{"count":134,"href":"http:\/\/www.tesla.med.br\/index.php\/wp-json\/wp\/v2\/pages\/10\/revisions"}],"predecessor-version":[{"id":747,"href":"http:\/\/www.tesla.med.br\/index.php\/wp-json\/wp\/v2\/pages\/10\/revisions\/747"}],"wp:attachment":[{"href":"http:\/\/www.tesla.med.br\/index.php\/wp-json\/wp\/v2\/media?parent=10"}],"curies":[{"name":"wp","href":"https:\/\/api.w.org\/{rel}","templated":true}]}}