{"id":13,"date":"2022-06-15T16:47:41","date_gmt":"2022-06-15T19:47:41","guid":{"rendered":"http:\/\/www.tesla.med.br\/?page_id=13"},"modified":"2022-07-21T12:49:44","modified_gmt":"2022-07-21T15:49:44","slug":"opcionais","status":"publish","type":"page","link":"http:\/\/www.tesla.med.br\/index.php\/opcionais\/","title":{"rendered":"Opcionais"},"content":{"rendered":"\t\t<div data-elementor-type=\"wp-page\" data-elementor-id=\"13\" class=\"elementor elementor-13\">\n\t\t\t\t\t\t<section class=\"elementor-section elementor-top-section elementor-element elementor-element-d40efa7 elementor-section-boxed elementor-section-height-default elementor-section-height-default\" data-id=\"d40efa7\" data-element_type=\"section\">\n\t\t\t\t\t\t<div class=\"elementor-container elementor-column-gap-default\">\n\t\t\t\t\t<div class=\"elementor-column elementor-col-100 elementor-top-column elementor-element elementor-element-5ab93da\" data-id=\"5ab93da\" data-element_type=\"column\">\n\t\t\t<div class=\"elementor-widget-wrap elementor-element-populated\">\n\t\t\t\t\t\t<div class=\"elementor-element elementor-element-d5b9bcb elementor-widget elementor-widget-text-editor\" data-id=\"d5b9bcb\" data-element_type=\"widget\" data-widget_type=\"text-editor.default\">\n\t\t\t\t<div class=\"elementor-widget-container\">\n\t\t\t<style>\/*! elementor - v3.22.0 - 24-06-2024 *\/\n.elementor-widget-text-editor.elementor-drop-cap-view-stacked .elementor-drop-cap{background-color:#69727d;color:#fff}.elementor-widget-text-editor.elementor-drop-cap-view-framed .elementor-drop-cap{color:#69727d;border:3px solid;background-color:transparent}.elementor-widget-text-editor:not(.elementor-drop-cap-view-default) .elementor-drop-cap{margin-top:8px}.elementor-widget-text-editor:not(.elementor-drop-cap-view-default) .elementor-drop-cap-letter{width:1em;height:1em}.elementor-widget-text-editor .elementor-drop-cap{float:left;text-align:center;line-height:1;font-size:50px}.elementor-widget-text-editor .elementor-drop-cap-letter{display:inline-block}<\/style>\t\t\t\t<p>OPCIONAIS<\/p>\t\t\t\t\t\t<\/div>\n\t\t\t\t<\/div>\n\t\t\t\t\t<\/div>\n\t\t<\/div>\n\t\t\t\t\t<\/div>\n\t\t<\/section>\n\t\t\t\t<section class=\"elementor-section elementor-top-section elementor-element elementor-element-55bc02a elementor-section-boxed elementor-section-height-default elementor-section-height-default\" data-id=\"55bc02a\" data-element_type=\"section\">\n\t\t\t\t\t\t<div class=\"elementor-container elementor-column-gap-default\">\n\t\t\t\t\t<div class=\"elementor-column elementor-col-100 elementor-top-column elementor-element elementor-element-c02dd51\" data-id=\"c02dd51\" data-element_type=\"column\">\n\t\t\t<div class=\"elementor-widget-wrap elementor-element-populated\">\n\t\t\t\t\t\t<div class=\"elementor-element elementor-element-5e0e5cf elementor-widget elementor-widget-text-editor\" data-id=\"5e0e5cf\" data-element_type=\"widget\" data-widget_type=\"text-editor.default\">\n\t\t\t\t<div class=\"elementor-widget-container\">\n\t\t\t\t\t\t\t<h4><strong>C\u00e9u estrelado:<\/strong><\/h4><ul><li>500 pontos de fibra \u00f3tica\/transl\u00facidas, fixadas nas placas de forro de acabamento da blindagem, <br \/>com projetor multicor para transfer\u00eancias de cores ao ambiente.<\/li><\/ul>\t\t\t\t\t\t<\/div>\n\t\t\t\t<\/div>\n\t\t\t\t\t<\/div>\n\t\t<\/div>\n\t\t\t\t\t<\/div>\n\t\t<\/section>\n\t\t\t\t<section class=\"elementor-section elementor-top-section elementor-element elementor-element-ddab149 elementor-section-boxed elementor-section-height-default elementor-section-height-default\" data-id=\"ddab149\" data-element_type=\"section\">\n\t\t\t\t\t\t<div class=\"elementor-container elementor-column-gap-default\">\n\t\t\t\t\t<div class=\"elementor-column elementor-col-25 elementor-top-column elementor-element elementor-element-855de34\" data-id=\"855de34\" data-element_type=\"column\">\n\t\t\t<div class=\"elementor-widget-wrap elementor-element-populated\">\n\t\t\t\t\t\t<div class=\"elementor-element elementor-element-9c7b181 elementor-invisible elementor-widget elementor-widget-image\" data-id=\"9c7b181\" data-element_type=\"widget\" data-settings=\"{&quot;_animation&quot;:&quot;zoomIn&quot;}\" data-widget_type=\"image.default\">\n\t\t\t\t<div class=\"elementor-widget-container\">\n\t\t\t<style>\/*! elementor - v3.22.0 - 24-06-2024 *\/\n.elementor-widget-image{text-align:center}.elementor-widget-image a{display:inline-block}.elementor-widget-image a img[src$=\".svg\"]{width:48px}.elementor-widget-image img{vertical-align:middle;display:inline-block}<\/style>\t\t\t\t\t\t\t\t\t\t<img fetchpriority=\"high\" decoding=\"async\" width=\"800\" height=\"967\" src=\"http:\/\/www.tesla.med.br\/wp-content\/uploads\/2022\/07\/tesla-ceu-estrelado-02-md-847x1024.jpg\" class=\"attachment-large size-large wp-image-749\" alt=\"\" srcset=\"http:\/\/www.tesla.med.br\/wp-content\/uploads\/2022\/07\/tesla-ceu-estrelado-02-md-847x1024.jpg 847w, http:\/\/www.tesla.med.br\/wp-content\/uploads\/2022\/07\/tesla-ceu-estrelado-02-md-248x300.jpg 248w, http:\/\/www.tesla.med.br\/wp-content\/uploads\/2022\/07\/tesla-ceu-estrelado-02-md-768x928.jpg 768w, http:\/\/www.tesla.med.br\/wp-content\/uploads\/2022\/07\/tesla-ceu-estrelado-02-md.jpg 867w\" sizes=\"(max-width: 800px) 100vw, 800px\" \/>\t\t\t\t\t\t\t\t\t\t\t\t\t<\/div>\n\t\t\t\t<\/div>\n\t\t\t\t\t<\/div>\n\t\t<\/div>\n\t\t\t\t<div class=\"elementor-column elementor-col-25 elementor-top-column elementor-element elementor-element-e4930b7\" data-id=\"e4930b7\" data-element_type=\"column\">\n\t\t\t<div class=\"elementor-widget-wrap elementor-element-populated\">\n\t\t\t\t\t\t<div class=\"elementor-element elementor-element-0b2bf65 elementor-invisible elementor-widget elementor-widget-image\" data-id=\"0b2bf65\" data-element_type=\"widget\" data-settings=\"{&quot;_animation&quot;:&quot;zoomIn&quot;}\" data-widget_type=\"image.default\">\n\t\t\t\t<div class=\"elementor-widget-container\">\n\t\t\t\t\t\t\t\t\t\t\t\t\t<img decoding=\"async\" width=\"768\" height=\"928\" src=\"http:\/\/www.tesla.med.br\/wp-content\/uploads\/2022\/07\/tesla-ceu-estrelado-01tra-768x928-md.jpg\" class=\"attachment-large size-large wp-image-748\" alt=\"\" srcset=\"http:\/\/www.tesla.med.br\/wp-content\/uploads\/2022\/07\/tesla-ceu-estrelado-01tra-768x928-md.jpg 768w, http:\/\/www.tesla.med.br\/wp-content\/uploads\/2022\/07\/tesla-ceu-estrelado-01tra-768x928-md-248x300.jpg 248w\" sizes=\"(max-width: 768px) 100vw, 768px\" \/>\t\t\t\t\t\t\t\t\t\t\t\t\t<\/div>\n\t\t\t\t<\/div>\n\t\t\t\t\t<\/div>\n\t\t<\/div>\n\t\t\t\t<div class=\"elementor-column elementor-col-25 elementor-top-column elementor-element elementor-element-306026a\" data-id=\"306026a\" data-element_type=\"column\">\n\t\t\t<div class=\"elementor-widget-wrap elementor-element-populated\">\n\t\t\t\t\t\t<div class=\"elementor-element elementor-element-6313b66 elementor-invisible elementor-widget elementor-widget-image\" data-id=\"6313b66\" data-element_type=\"widget\" data-settings=\"{&quot;_animation&quot;:&quot;zoomIn&quot;}\" data-widget_type=\"image.default\">\n\t\t\t\t<div class=\"elementor-widget-container\">\n\t\t\t\t\t\t\t\t\t\t\t\t\t<img decoding=\"async\" width=\"768\" height=\"980\" src=\"http:\/\/www.tesla.med.br\/wp-content\/uploads\/2022\/07\/tesla-ceu-estrelado-03-768x980-md.jpg\" class=\"attachment-large size-large wp-image-750\" alt=\"\" srcset=\"http:\/\/www.tesla.med.br\/wp-content\/uploads\/2022\/07\/tesla-ceu-estrelado-03-768x980-md.jpg 768w, http:\/\/www.tesla.med.br\/wp-content\/uploads\/2022\/07\/tesla-ceu-estrelado-03-768x980-md-235x300.jpg 235w\" sizes=\"(max-width: 768px) 100vw, 768px\" \/>\t\t\t\t\t\t\t\t\t\t\t\t\t<\/div>\n\t\t\t\t<\/div>\n\t\t\t\t\t<\/div>\n\t\t<\/div>\n\t\t\t\t<div class=\"elementor-column elementor-col-25 elementor-top-column elementor-element elementor-element-12e803c\" data-id=\"12e803c\" data-element_type=\"column\">\n\t\t\t<div class=\"elementor-widget-wrap elementor-element-populated\">\n\t\t\t\t\t\t<div class=\"elementor-element elementor-element-226b526 elementor-invisible elementor-widget elementor-widget-image\" data-id=\"226b526\" data-element_type=\"widget\" data-settings=\"{&quot;_animation&quot;:&quot;zoomIn&quot;}\" data-widget_type=\"image.default\">\n\t\t\t\t<div class=\"elementor-widget-container\">\n\t\t\t\t\t\t\t\t\t\t\t\t\t<img loading=\"lazy\" decoding=\"async\" width=\"768\" height=\"928\" src=\"http:\/\/www.tesla.med.br\/wp-content\/uploads\/2022\/07\/tesla-ceu-estrelado-04tra-768x928-md.jpg\" class=\"attachment-large size-large wp-image-751\" alt=\"\" srcset=\"http:\/\/www.tesla.med.br\/wp-content\/uploads\/2022\/07\/tesla-ceu-estrelado-04tra-768x928-md.jpg 768w, http:\/\/www.tesla.med.br\/wp-content\/uploads\/2022\/07\/tesla-ceu-estrelado-04tra-768x928-md-248x300.jpg 248w\" sizes=\"(max-width: 768px) 100vw, 768px\" \/>\t\t\t\t\t\t\t\t\t\t\t\t\t<\/div>\n\t\t\t\t<\/div>\n\t\t\t\t\t<\/div>\n\t\t<\/div>\n\t\t\t\t\t<\/div>\n\t\t<\/section>\n\t\t\t\t<section class=\"elementor-section elementor-top-section elementor-element elementor-element-c8aee91 elementor-section-boxed elementor-section-height-default elementor-section-height-default\" data-id=\"c8aee91\" data-element_type=\"section\">\n\t\t\t\t\t\t<div class=\"elementor-container elementor-column-gap-default\">\n\t\t\t\t\t<div class=\"elementor-column elementor-col-100 elementor-top-column elementor-element elementor-element-b07fdeb\" data-id=\"b07fdeb\" data-element_type=\"column\">\n\t\t\t<div class=\"elementor-widget-wrap elementor-element-populated\">\n\t\t\t\t\t\t<div class=\"elementor-element elementor-element-a2f78db elementor-widget elementor-widget-text-editor\" data-id=\"a2f78db\" data-element_type=\"widget\" data-widget_type=\"text-editor.default\">\n\t\t\t\t<div class=\"elementor-widget-container\">\n\t\t\t\t\t\t\t<h4><strong>Pain\u00e9is Back Light:<\/strong><\/h4><ul><li>Pain\u00e9is retangulares, dimens\u00f5es de 62,5cm x 1,24m\u00a0 e \u00a01,25 x 2,50m cada painel;<\/li><li>Pain\u00e9is circulares \u00a0com dimens\u00e3o de 1,20m de di\u00e2metro cada painel.<\/li><\/ul>\t\t\t\t\t\t<\/div>\n\t\t\t\t<\/div>\n\t\t\t\t\t<\/div>\n\t\t<\/div>\n\t\t\t\t\t<\/div>\n\t\t<\/section>\n\t\t\t\t<section class=\"elementor-section elementor-top-section elementor-element elementor-element-3d2e162 elementor-section-boxed elementor-section-height-default elementor-section-height-default\" data-id=\"3d2e162\" data-element_type=\"section\">\n\t\t\t\t\t\t<div class=\"elementor-container elementor-column-gap-default\">\n\t\t\t\t\t<div class=\"elementor-column elementor-col-50 elementor-top-column elementor-element elementor-element-5f56fec\" data-id=\"5f56fec\" data-element_type=\"column\">\n\t\t\t<div class=\"elementor-widget-wrap elementor-element-populated\">\n\t\t\t\t\t\t<div class=\"elementor-element elementor-element-cc7bc10 elementor-invisible elementor-widget elementor-widget-image\" data-id=\"cc7bc10\" data-element_type=\"widget\" data-settings=\"{&quot;_animation&quot;:&quot;zoomIn&quot;}\" data-widget_type=\"image.default\">\n\t\t\t\t<div class=\"elementor-widget-container\">\n\t\t\t\t\t\t\t\t\t\t\t\t\t<img loading=\"lazy\" decoding=\"async\" width=\"768\" height=\"619\" src=\"http:\/\/www.tesla.med.br\/wp-content\/uploads\/2022\/07\/foto22-768x619-md.jpg\" class=\"attachment-large size-large wp-image-741\" alt=\"\" srcset=\"http:\/\/www.tesla.med.br\/wp-content\/uploads\/2022\/07\/foto22-768x619-md.jpg 768w, http:\/\/www.tesla.med.br\/wp-content\/uploads\/2022\/07\/foto22-768x619-md-300x242.jpg 300w\" sizes=\"(max-width: 768px) 100vw, 768px\" \/>\t\t\t\t\t\t\t\t\t\t\t\t\t<\/div>\n\t\t\t\t<\/div>\n\t\t\t\t\t<\/div>\n\t\t<\/div>\n\t\t\t\t<div class=\"elementor-column elementor-col-50 elementor-top-column elementor-element elementor-element-8725dfa\" data-id=\"8725dfa\" data-element_type=\"column\">\n\t\t\t<div class=\"elementor-widget-wrap elementor-element-populated\">\n\t\t\t\t\t\t<div class=\"elementor-element elementor-element-580ca7f elementor-invisible elementor-widget elementor-widget-image\" data-id=\"580ca7f\" data-element_type=\"widget\" data-settings=\"{&quot;_animation&quot;:&quot;zoomIn&quot;}\" data-widget_type=\"image.default\">\n\t\t\t\t<div class=\"elementor-widget-container\">\n\t\t\t\t\t\t\t\t\t\t\t\t\t<img loading=\"lazy\" decoding=\"async\" width=\"768\" height=\"591\" src=\"http:\/\/www.tesla.med.br\/wp-content\/uploads\/2022\/07\/foto21-768x591-md.jpg\" class=\"attachment-large size-large wp-image-735\" alt=\"\" srcset=\"http:\/\/www.tesla.med.br\/wp-content\/uploads\/2022\/07\/foto21-768x591-md.jpg 768w, http:\/\/www.tesla.med.br\/wp-content\/uploads\/2022\/07\/foto21-768x591-md-300x231.jpg 300w\" sizes=\"(max-width: 768px) 100vw, 768px\" \/>\t\t\t\t\t\t\t\t\t\t\t\t\t<\/div>\n\t\t\t\t<\/div>\n\t\t\t\t\t<\/div>\n\t\t<\/div>\n\t\t\t\t\t<\/div>\n\t\t<\/section>\n\t\t\t\t<section class=\"elementor-section elementor-top-section elementor-element elementor-element-eddebdb elementor-section-boxed elementor-section-height-default elementor-section-height-default\" data-id=\"eddebdb\" data-element_type=\"section\">\n\t\t\t\t\t\t<div class=\"elementor-container elementor-column-gap-default\">\n\t\t\t\t\t<div class=\"elementor-column elementor-col-100 elementor-top-column elementor-element elementor-element-f629a89\" data-id=\"f629a89\" data-element_type=\"column\">\n\t\t\t<div class=\"elementor-widget-wrap elementor-element-populated\">\n\t\t\t\t\t\t<div class=\"elementor-element elementor-element-7c3ed4c elementor-widget elementor-widget-text-editor\" data-id=\"7c3ed4c\" data-element_type=\"widget\" data-widget_type=\"text-editor.default\">\n\t\t\t\t<div class=\"elementor-widget-container\">\n\t\t\t\t\t\t\t<h4><strong>Kit Som ambiente \/ Comunica\u00e7\u00e3o com paciente:<\/strong><\/h4><ul><li>Sistema de \u00c1udio-Musica ambiente: receiver-<em>bluetooth <\/em>com microfone para sala de comando e fones para comunica\u00e7\u00e3o de pacientes.<\/li><\/ul>\t\t\t\t\t\t<\/div>\n\t\t\t\t<\/div>\n\t\t\t\t\t<\/div>\n\t\t<\/div>\n\t\t\t\t\t<\/div>\n\t\t<\/section>\n\t\t\t\t<section class=\"elementor-section elementor-top-section elementor-element elementor-element-aa18eec elementor-section-boxed elementor-section-height-default elementor-section-height-default\" data-id=\"aa18eec\" data-element_type=\"section\">\n\t\t\t\t\t\t<div class=\"elementor-container elementor-column-gap-default\">\n\t\t\t\t\t<div class=\"elementor-column elementor-col-100 elementor-top-column elementor-element elementor-element-d66642d\" data-id=\"d66642d\" data-element_type=\"column\">\n\t\t\t<div class=\"elementor-widget-wrap\">\n\t\t\t\t\t\t\t<\/div>\n\t\t<\/div>\n\t\t\t\t\t<\/div>\n\t\t<\/section>\n\t\t\t\t<section class=\"elementor-section elementor-top-section elementor-element elementor-element-00fe4ce elementor-section-boxed elementor-section-height-default elementor-section-height-default\" data-id=\"00fe4ce\" data-element_type=\"section\">\n\t\t\t\t\t\t<div class=\"elementor-container elementor-column-gap-default\">\n\t\t\t\t\t<div class=\"elementor-column elementor-col-100 elementor-top-column elementor-element elementor-element-b2efde6\" data-id=\"b2efde6\" data-element_type=\"column\">\n\t\t\t<div class=\"elementor-widget-wrap elementor-element-populated\">\n\t\t\t\t\t\t<div class=\"elementor-element elementor-element-87e5546 elementor-widget elementor-widget-text-editor\" data-id=\"87e5546\" data-element_type=\"widget\" data-widget_type=\"text-editor.default\">\n\t\t\t\t<div class=\"elementor-widget-container\">\n\t\t\t\t\t\t\t<h4>Sistema de C\u00e2mera CFTV:<\/h4>\n<ul>\n \t<li>Kit composto por uma ou duas c\u00e2meras em cores HDMI, para auxilio de monitoramento \u00e1 pacientes durante os exames. pacientes.<\/li>\n<\/ul>\t\t\t\t\t\t<\/div>\n\t\t\t\t<\/div>\n\t\t\t\t\t<\/div>\n\t\t<\/div>\n\t\t\t\t\t<\/div>\n\t\t<\/section>\n\t\t\t\t<section class=\"elementor-section elementor-top-section elementor-element elementor-element-b35dc2e elementor-section-boxed elementor-section-height-default elementor-section-height-default\" data-id=\"b35dc2e\" data-element_type=\"section\">\n\t\t\t\t\t\t<div class=\"elementor-container elementor-column-gap-default\">\n\t\t\t\t\t<div class=\"elementor-column elementor-col-100 elementor-top-column elementor-element elementor-element-28c7efb\" data-id=\"28c7efb\" data-element_type=\"column\">\n\t\t\t<div class=\"elementor-widget-wrap\">\n\t\t\t\t\t\t\t<\/div>\n\t\t<\/div>\n\t\t\t\t\t<\/div>\n\t\t<\/section>\n\t\t\t\t<section class=\"elementor-section elementor-top-section elementor-element elementor-element-27405c5 elementor-section-boxed elementor-section-height-default elementor-section-height-default\" data-id=\"27405c5\" data-element_type=\"section\">\n\t\t\t\t\t\t<div class=\"elementor-container elementor-column-gap-default\">\n\t\t\t\t\t<div class=\"elementor-column elementor-col-100 elementor-top-column elementor-element elementor-element-a9875a8\" data-id=\"a9875a8\" data-element_type=\"column\">\n\t\t\t<div class=\"elementor-widget-wrap elementor-element-populated\">\n\t\t\t\t\t\t<div class=\"elementor-element elementor-element-664f57d elementor-widget elementor-widget-text-editor\" data-id=\"664f57d\" data-element_type=\"widget\" data-widget_type=\"text-editor.default\">\n\t\t\t\t<div class=\"elementor-widget-container\">\n\t\t\t\t\t\t\t<h4><strong>Extintor de Inc\u00eandio Port\u00e1til\u00a0 FE-36:<\/strong><\/h4><ul><li>Carga de g\u00e1s halogenado Fe-36, fabricado pela Dupont;<\/li><li>Recipiente fabricado em a\u00e7o carbono ou a\u00e7o inox, o que torna o modelo ideal para prote\u00e7\u00e3o de salas de Resson\u00e2ncia Magn\u00e9tica.<\/li><\/ul>\t\t\t\t\t\t<\/div>\n\t\t\t\t<\/div>\n\t\t\t\t\t<\/div>\n\t\t<\/div>\n\t\t\t\t\t<\/div>\n\t\t<\/section>\n\t\t\t\t<section class=\"elementor-section elementor-top-section elementor-element elementor-element-9ace7ea elementor-section-boxed elementor-section-height-default elementor-section-height-default\" data-id=\"9ace7ea\" data-element_type=\"section\">\n\t\t\t\t\t\t<div class=\"elementor-container elementor-column-gap-default\">\n\t\t\t\t\t<div class=\"elementor-column elementor-col-100 elementor-top-column elementor-element elementor-element-92dc4a1\" data-id=\"92dc4a1\" data-element_type=\"column\">\n\t\t\t<div class=\"elementor-widget-wrap\">\n\t\t\t\t\t\t\t<\/div>\n\t\t<\/div>\n\t\t\t\t\t<\/div>\n\t\t<\/section>\n\t\t\t\t<section class=\"elementor-section elementor-top-section elementor-element elementor-element-d1fc6d0 elementor-section-boxed elementor-section-height-default elementor-section-height-default\" data-id=\"d1fc6d0\" data-element_type=\"section\" data-settings=\"{&quot;background_background&quot;:&quot;classic&quot;}\">\n\t\t\t\t\t\t<div class=\"elementor-container elementor-column-gap-default\">\n\t\t\t\t\t<div class=\"elementor-column elementor-col-25 elementor-top-column elementor-element elementor-element-94282e6\" data-id=\"94282e6\" data-element_type=\"column\" data-settings=\"{&quot;background_background&quot;:&quot;classic&quot;}\">\n\t\t\t<div class=\"elementor-widget-wrap elementor-element-populated\">\n\t\t\t\t\t\t<div class=\"elementor-element elementor-element-a6417dc elementor-widget elementor-widget-image\" data-id=\"a6417dc\" data-element_type=\"widget\" data-widget_type=\"image.default\">\n\t\t\t\t<div class=\"elementor-widget-container\">\n\t\t\t\t\t\t\t\t\t\t\t\t\t<img decoding=\"async\" src=\"http:\/\/www.tesla.med.br\/wp-content\/uploads\/elementor\/thumbs\/tesla-logotipo-site-pqeixww2ufo2m4pwnzg3qkqelyeeqlc7ucf8inoous.png\" title=\"tesla-logotipo-site\" alt=\"tesla-logotipo-site\" loading=\"lazy\" \/>\t\t\t\t\t\t\t\t\t\t\t\t\t<\/div>\n\t\t\t\t<\/div>\n\t\t\t\t\t<\/div>\n\t\t<\/div>\n\t\t\t\t<div class=\"elementor-column elementor-col-25 elementor-top-column elementor-element elementor-element-77e2188\" data-id=\"77e2188\" data-element_type=\"column\">\n\t\t\t<div class=\"elementor-widget-wrap elementor-element-populated\">\n\t\t\t\t\t\t<div class=\"elementor-element elementor-element-0ab90cd elementor-widget elementor-widget-text-editor\" data-id=\"0ab90cd\" data-element_type=\"widget\" data-widget_type=\"text-editor.default\">\n\t\t\t\t<div class=\"elementor-widget-container\">\n\t\t\t\t\t\t\t<p><strong>COMERCIAL\/ADM<\/strong><br \/>Rua Campos Sales, 153, sala 1<br \/>Barcelona &#8211; S\u00e3o Caetano do Sul &#8211; SP<br \/>CEP 09551-310<\/p><p><strong>PRODU\u00c7\u00c3O\/PICKING<\/strong><br \/>Rua Floresbal Chacon Martins, 255<br \/>Vila Suissa &#8211; Mogi das Cruzes &#8211; SP<br \/>CEP 08810-305<\/p>\t\t\t\t\t\t<\/div>\n\t\t\t\t<\/div>\n\t\t\t\t\t<\/div>\n\t\t<\/div>\n\t\t\t\t<div class=\"elementor-column elementor-col-25 elementor-top-column elementor-element elementor-element-964966b\" data-id=\"964966b\" data-element_type=\"column\">\n\t\t\t<div class=\"elementor-widget-wrap elementor-element-populated\">\n\t\t\t\t\t\t<div class=\"elementor-element elementor-element-3b33222 elementor-widget elementor-widget-text-editor\" data-id=\"3b33222\" data-element_type=\"widget\" data-widget_type=\"text-editor.default\">\n\t\t\t\t<div class=\"elementor-widget-container\">\n\t\t\t\t\t\t\t<p><strong>FALE CONOSCO<br \/><\/strong><strong>+55 (11) 2759-2701<br \/><\/strong><strong>+55 (11) 95202-4338<br \/><\/strong>contato@tesla.med.br<\/p>\t\t\t\t\t\t<\/div>\n\t\t\t\t<\/div>\n\t\t\t\t\t<\/div>\n\t\t<\/div>\n\t\t\t\t<div class=\"elementor-column elementor-col-25 elementor-top-column elementor-element elementor-element-eb69f68\" data-id=\"eb69f68\" data-element_type=\"column\">\n\t\t\t<div class=\"elementor-widget-wrap elementor-element-populated\">\n\t\t\t\t\t\t<div class=\"elementor-element elementor-element-69b195c elementor-widget__width-initial elementor-widget elementor-widget-text-editor\" data-id=\"69b195c\" data-element_type=\"widget\" data-widget_type=\"text-editor.default\">\n\t\t\t\t<div class=\"elementor-widget-container\">\n\t\t\t\t\t\t\t<p><strong>REDE SOCIAL<br \/><a href=\"https:\/\/www.facebook.com\/Tesla-Blindagens-276743273204205\/\"><img loading=\"lazy\" decoding=\"async\" class=\"alignnone wp-image-580\" src=\"http:\/\/www.tesla.med.br\/wp-content\/uploads\/2022\/07\/facebook.png\" alt=\"\" width=\"60\" height=\"61\" srcset=\"http:\/\/www.tesla.med.br\/wp-content\/uploads\/2022\/07\/facebook.png 200w, http:\/\/www.tesla.med.br\/wp-content\/uploads\/2022\/07\/facebook-150x150.png 150w\" sizes=\"(max-width: 60px) 100vw, 60px\" \/><\/a> <img loading=\"lazy\" decoding=\"async\" class=\"alignnone wp-image-581\" src=\"http:\/\/www.tesla.med.br\/wp-content\/uploads\/2022\/07\/instagram.png\" alt=\"\" width=\"60\" height=\"61\" srcset=\"http:\/\/www.tesla.med.br\/wp-content\/uploads\/2022\/07\/instagram.png 200w, http:\/\/www.tesla.med.br\/wp-content\/uploads\/2022\/07\/instagram-150x150.png 150w\" sizes=\"(max-width: 60px) 100vw, 60px\" \/> <img loading=\"lazy\" decoding=\"async\" class=\"alignnone wp-image-582\" src=\"http:\/\/www.tesla.med.br\/wp-content\/uploads\/2022\/07\/twiter.png\" alt=\"\" width=\"60\" height=\"61\" srcset=\"http:\/\/www.tesla.med.br\/wp-content\/uploads\/2022\/07\/twiter.png 200w, http:\/\/www.tesla.med.br\/wp-content\/uploads\/2022\/07\/twiter-150x150.png 150w\" sizes=\"(max-width: 60px) 100vw, 60px\" \/><br \/><\/strong><\/p>\t\t\t\t\t\t<\/div>\n\t\t\t\t<\/div>\n\t\t\t\t\t<\/div>\n\t\t<\/div>\n\t\t\t\t\t<\/div>\n\t\t<\/section>\n\t\t\t\t<\/div>\n\t\t","protected":false},"excerpt":{"rendered":"<p>OPCIONAIS C\u00e9u estrelado: 500 pontos de fibra \u00f3tica\/transl\u00facidas, fixadas nas placas de forro de acabamento da blindagem, com projetor multicor para transfer\u00eancias de cores ao ambiente. Pain\u00e9is Back Light: Pain\u00e9is retangulares, dimens\u00f5es de 62,5cm x 1,24m\u00a0 e \u00a01,25 x 2,50m cada painel; Pain\u00e9is circulares \u00a0com dimens\u00e3o de 1,20m de di\u00e2metro cada painel. Kit Som ambiente [&hellip;]<\/p>\n","protected":false},"author":1,"featured_media":0,"parent":0,"menu_order":0,"comment_status":"closed","ping_status":"closed","template":"","meta":{"footnotes":""},"_links":{"self":[{"href":"http:\/\/www.tesla.med.br\/index.php\/wp-json\/wp\/v2\/pages\/13"}],"collection":[{"href":"http:\/\/www.tesla.med.br\/index.php\/wp-json\/wp\/v2\/pages"}],"about":[{"href":"http:\/\/www.tesla.med.br\/index.php\/wp-json\/wp\/v2\/types\/page"}],"author":[{"embeddable":true,"href":"http:\/\/www.tesla.med.br\/index.php\/wp-json\/wp\/v2\/users\/1"}],"replies":[{"embeddable":true,"href":"http:\/\/www.tesla.med.br\/index.php\/wp-json\/wp\/v2\/comments?post=13"}],"version-history":[{"count":97,"href":"http:\/\/www.tesla.med.br\/index.php\/wp-json\/wp\/v2\/pages\/13\/revisions"}],"predecessor-version":[{"id":754,"href":"http:\/\/www.tesla.med.br\/index.php\/wp-json\/wp\/v2\/pages\/13\/revisions\/754"}],"wp:attachment":[{"href":"http:\/\/www.tesla.med.br\/index.php\/wp-json\/wp\/v2\/media?parent=13"}],"curies":[{"name":"wp","href":"https:\/\/api.w.org\/{rel}","templated":true}]}}