{"id":15,"date":"2022-06-15T16:47:42","date_gmt":"2022-06-15T19:47:42","guid":{"rendered":"http:\/\/www.tesla.med.br\/?page_id=15"},"modified":"2022-07-21T12:51:45","modified_gmt":"2022-07-21T15:51:45","slug":"equipe-tecnica","status":"publish","type":"page","link":"http:\/\/www.tesla.med.br\/index.php\/equipe-tecnica\/","title":{"rendered":"Equipe T\u00e9cnica"},"content":{"rendered":"\t\t<div data-elementor-type=\"wp-page\" data-elementor-id=\"15\" class=\"elementor elementor-15\">\n\t\t\t\t\t\t<section class=\"elementor-section elementor-top-section elementor-element elementor-element-ef639fb elementor-section-boxed elementor-section-height-default elementor-section-height-default\" data-id=\"ef639fb\" data-element_type=\"section\">\n\t\t\t\t\t\t<div class=\"elementor-container elementor-column-gap-default\">\n\t\t\t\t\t<div class=\"elementor-column elementor-col-100 elementor-top-column elementor-element elementor-element-4e16f6c\" data-id=\"4e16f6c\" data-element_type=\"column\">\n\t\t\t<div class=\"elementor-widget-wrap elementor-element-populated\">\n\t\t\t\t\t\t<div class=\"elementor-element elementor-element-b55fca2 elementor-widget elementor-widget-text-editor\" data-id=\"b55fca2\" data-element_type=\"widget\" data-widget_type=\"text-editor.default\">\n\t\t\t\t<div class=\"elementor-widget-container\">\n\t\t\t<style>\/*! elementor - v3.22.0 - 24-06-2024 *\/\n.elementor-widget-text-editor.elementor-drop-cap-view-stacked .elementor-drop-cap{background-color:#69727d;color:#fff}.elementor-widget-text-editor.elementor-drop-cap-view-framed .elementor-drop-cap{color:#69727d;border:3px solid;background-color:transparent}.elementor-widget-text-editor:not(.elementor-drop-cap-view-default) .elementor-drop-cap{margin-top:8px}.elementor-widget-text-editor:not(.elementor-drop-cap-view-default) .elementor-drop-cap-letter{width:1em;height:1em}.elementor-widget-text-editor .elementor-drop-cap{float:left;text-align:center;line-height:1;font-size:50px}.elementor-widget-text-editor .elementor-drop-cap-letter{display:inline-block}<\/style>\t\t\t\t<p>EQUIPE T\u00c9CNICA<\/p>\t\t\t\t\t\t<\/div>\n\t\t\t\t<\/div>\n\t\t\t\t\t<\/div>\n\t\t<\/div>\n\t\t\t\t\t<\/div>\n\t\t<\/section>\n\t\t\t\t<section class=\"elementor-section elementor-top-section elementor-element elementor-element-a025253 elementor-section-boxed elementor-section-height-default elementor-section-height-default\" data-id=\"a025253\" data-element_type=\"section\" data-settings=\"{&quot;background_background&quot;:&quot;classic&quot;}\">\n\t\t\t\t\t\t<div class=\"elementor-container elementor-column-gap-default\">\n\t\t\t\t\t<div class=\"elementor-column elementor-col-50 elementor-top-column elementor-element elementor-element-33829e8\" data-id=\"33829e8\" data-element_type=\"column\">\n\t\t\t<div class=\"elementor-widget-wrap elementor-element-populated\">\n\t\t\t\t\t\t<div class=\"elementor-element elementor-element-28ef6c4 elementor-widget elementor-widget-text-editor\" data-id=\"28ef6c4\" data-element_type=\"widget\" data-widget_type=\"text-editor.default\">\n\t\t\t\t<div class=\"elementor-widget-container\">\n\t\t\t\t\t\t\t<p>Atualmente, possu\u00edmos o mais conceituado e efetivo time t\u00e9cnico-gerencial do mercado nacional, praticamos o menor <em>time-setup<\/em> para instala\u00e7\u00f5es de blindagens de R.F., <em>Quench<\/em> e <em>Chiller<\/em>.<br \/><br \/>Analisamos o projeto do cliente como um todo e como consultoria, sugerimos\u00a0 os melhores caminhos para a melhor execu\u00e7\u00e3o de seu projeto.\u00a0<\/p>\t\t\t\t\t\t<\/div>\n\t\t\t\t<\/div>\n\t\t\t\t\t<\/div>\n\t\t<\/div>\n\t\t\t\t<div class=\"elementor-column elementor-col-50 elementor-top-column elementor-element elementor-element-481521b\" data-id=\"481521b\" data-element_type=\"column\">\n\t\t\t<div class=\"elementor-widget-wrap elementor-element-populated\">\n\t\t\t\t\t\t<div class=\"elementor-element elementor-element-4b91d88 elementor-invisible elementor-widget elementor-widget-image\" data-id=\"4b91d88\" data-element_type=\"widget\" data-settings=\"{&quot;_animation&quot;:&quot;zoomIn&quot;}\" data-widget_type=\"image.default\">\n\t\t\t\t<div class=\"elementor-widget-container\">\n\t\t\t<style>\/*! elementor - v3.22.0 - 24-06-2024 *\/\n.elementor-widget-image{text-align:center}.elementor-widget-image a{display:inline-block}.elementor-widget-image a img[src$=\".svg\"]{width:48px}.elementor-widget-image img{vertical-align:middle;display:inline-block}<\/style>\t\t\t\t\t\t\t\t\t\t<img fetchpriority=\"high\" decoding=\"async\" width=\"768\" height=\"575\" src=\"http:\/\/www.tesla.med.br\/wp-content\/uploads\/2022\/07\/equipe-tecnica-768x575-md.jpg\" class=\"attachment-large size-large wp-image-755\" alt=\"\" srcset=\"http:\/\/www.tesla.med.br\/wp-content\/uploads\/2022\/07\/equipe-tecnica-768x575-md.jpg 768w, http:\/\/www.tesla.med.br\/wp-content\/uploads\/2022\/07\/equipe-tecnica-768x575-md-300x225.jpg 300w\" sizes=\"(max-width: 768px) 100vw, 768px\" \/>\t\t\t\t\t\t\t\t\t\t\t\t\t<\/div>\n\t\t\t\t<\/div>\n\t\t\t\t\t<\/div>\n\t\t<\/div>\n\t\t\t\t\t<\/div>\n\t\t<\/section>\n\t\t\t\t<section class=\"elementor-section elementor-top-section elementor-element elementor-element-c313863 elementor-section-boxed elementor-section-height-default elementor-section-height-default\" data-id=\"c313863\" data-element_type=\"section\" data-settings=\"{&quot;background_background&quot;:&quot;classic&quot;}\">\n\t\t\t\t\t\t<div class=\"elementor-container elementor-column-gap-default\">\n\t\t\t\t\t<div class=\"elementor-column elementor-col-25 elementor-top-column elementor-element elementor-element-75066fb\" data-id=\"75066fb\" data-element_type=\"column\" data-settings=\"{&quot;background_background&quot;:&quot;classic&quot;}\">\n\t\t\t<div class=\"elementor-widget-wrap elementor-element-populated\">\n\t\t\t\t\t\t<div class=\"elementor-element elementor-element-507541c elementor-widget elementor-widget-image\" data-id=\"507541c\" data-element_type=\"widget\" data-widget_type=\"image.default\">\n\t\t\t\t<div class=\"elementor-widget-container\">\n\t\t\t\t\t\t\t\t\t\t\t\t\t<img decoding=\"async\" src=\"http:\/\/www.tesla.med.br\/wp-content\/uploads\/elementor\/thumbs\/tesla-logotipo-site-pqeixww2ufo2m4pwnzg3qkqelyeeqlc7ucf8inoous.png\" title=\"tesla-logotipo-site\" alt=\"tesla-logotipo-site\" loading=\"lazy\" \/>\t\t\t\t\t\t\t\t\t\t\t\t\t<\/div>\n\t\t\t\t<\/div>\n\t\t\t\t\t<\/div>\n\t\t<\/div>\n\t\t\t\t<div class=\"elementor-column elementor-col-25 elementor-top-column elementor-element elementor-element-a81c631\" data-id=\"a81c631\" data-element_type=\"column\">\n\t\t\t<div class=\"elementor-widget-wrap elementor-element-populated\">\n\t\t\t\t\t\t<div class=\"elementor-element elementor-element-abd4807 elementor-widget elementor-widget-text-editor\" data-id=\"abd4807\" data-element_type=\"widget\" data-widget_type=\"text-editor.default\">\n\t\t\t\t<div class=\"elementor-widget-container\">\n\t\t\t\t\t\t\t<p><strong>COMERCIAL\/ADM<\/strong><br \/>Rua Campos Sales, 153, sala 1<br \/>Barcelona &#8211; S\u00e3o Caetano do Sul &#8211; SP<br \/>CEP 09551-310<\/p><p><strong>PRODU\u00c7\u00c3O\/PICKING<\/strong><br \/>Rua Floresbal Chacon Martins, 255<br \/>Vila Suissa &#8211; Mogi das Cruzes &#8211; SP<br \/>CEP 08810-305<\/p>\t\t\t\t\t\t<\/div>\n\t\t\t\t<\/div>\n\t\t\t\t\t<\/div>\n\t\t<\/div>\n\t\t\t\t<div class=\"elementor-column elementor-col-25 elementor-top-column elementor-element elementor-element-23d672f\" data-id=\"23d672f\" data-element_type=\"column\">\n\t\t\t<div class=\"elementor-widget-wrap elementor-element-populated\">\n\t\t\t\t\t\t<div class=\"elementor-element elementor-element-e22a486 elementor-widget elementor-widget-text-editor\" data-id=\"e22a486\" data-element_type=\"widget\" data-widget_type=\"text-editor.default\">\n\t\t\t\t<div class=\"elementor-widget-container\">\n\t\t\t\t\t\t\t<p><strong>FALE CONOSCO<br \/><\/strong><strong>+55 (11) 2759-2701<br \/><\/strong><strong>+55 (11) 95202-4338<br \/><\/strong>contato@tesla.med.br<\/p>\t\t\t\t\t\t<\/div>\n\t\t\t\t<\/div>\n\t\t\t\t\t<\/div>\n\t\t<\/div>\n\t\t\t\t<div class=\"elementor-column elementor-col-25 elementor-top-column elementor-element elementor-element-662e694\" data-id=\"662e694\" data-element_type=\"column\">\n\t\t\t<div class=\"elementor-widget-wrap elementor-element-populated\">\n\t\t\t\t\t\t<div class=\"elementor-element elementor-element-ff3847b elementor-widget__width-initial elementor-widget elementor-widget-text-editor\" data-id=\"ff3847b\" data-element_type=\"widget\" data-widget_type=\"text-editor.default\">\n\t\t\t\t<div class=\"elementor-widget-container\">\n\t\t\t\t\t\t\t<p><strong>REDE SOCIAL<br \/><a href=\"https:\/\/www.facebook.com\/Tesla-Blindagens-276743273204205\/\"><img decoding=\"async\" class=\"alignnone wp-image-580\" src=\"http:\/\/www.tesla.med.br\/wp-content\/uploads\/2022\/07\/facebook.png\" alt=\"\" width=\"60\" height=\"61\" srcset=\"http:\/\/www.tesla.med.br\/wp-content\/uploads\/2022\/07\/facebook.png 200w, http:\/\/www.tesla.med.br\/wp-content\/uploads\/2022\/07\/facebook-150x150.png 150w\" sizes=\"(max-width: 60px) 100vw, 60px\" \/><\/a> <img decoding=\"async\" class=\"alignnone wp-image-581\" src=\"http:\/\/www.tesla.med.br\/wp-content\/uploads\/2022\/07\/instagram.png\" alt=\"\" width=\"60\" height=\"61\" srcset=\"http:\/\/www.tesla.med.br\/wp-content\/uploads\/2022\/07\/instagram.png 200w, http:\/\/www.tesla.med.br\/wp-content\/uploads\/2022\/07\/instagram-150x150.png 150w\" sizes=\"(max-width: 60px) 100vw, 60px\" \/> <img loading=\"lazy\" decoding=\"async\" class=\"alignnone wp-image-582\" src=\"http:\/\/www.tesla.med.br\/wp-content\/uploads\/2022\/07\/twiter.png\" alt=\"\" width=\"60\" height=\"61\" srcset=\"http:\/\/www.tesla.med.br\/wp-content\/uploads\/2022\/07\/twiter.png 200w, http:\/\/www.tesla.med.br\/wp-content\/uploads\/2022\/07\/twiter-150x150.png 150w\" sizes=\"(max-width: 60px) 100vw, 60px\" \/><br \/><\/strong><\/p>\t\t\t\t\t\t<\/div>\n\t\t\t\t<\/div>\n\t\t\t\t\t<\/div>\n\t\t<\/div>\n\t\t\t\t\t<\/div>\n\t\t<\/section>\n\t\t\t\t<\/div>\n\t\t","protected":false},"excerpt":{"rendered":"<p>EQUIPE T\u00c9CNICA Atualmente, possu\u00edmos o mais conceituado e efetivo time t\u00e9cnico-gerencial do mercado nacional, praticamos o menor time-setup para instala\u00e7\u00f5es de blindagens de R.F., Quench e Chiller. Analisamos o projeto do cliente como um todo e como consultoria, sugerimos\u00a0 os melhores caminhos para a melhor execu\u00e7\u00e3o de seu projeto.\u00a0 COMERCIAL\/ADMRua Campos Sales, 153, sala 1Barcelona [&hellip;]<\/p>\n","protected":false},"author":1,"featured_media":0,"parent":0,"menu_order":0,"comment_status":"closed","ping_status":"closed","template":"","meta":{"footnotes":""},"_links":{"self":[{"href":"http:\/\/www.tesla.med.br\/index.php\/wp-json\/wp\/v2\/pages\/15"}],"collection":[{"href":"http:\/\/www.tesla.med.br\/index.php\/wp-json\/wp\/v2\/pages"}],"about":[{"href":"http:\/\/www.tesla.med.br\/index.php\/wp-json\/wp\/v2\/types\/page"}],"author":[{"embeddable":true,"href":"http:\/\/www.tesla.med.br\/index.php\/wp-json\/wp\/v2\/users\/1"}],"replies":[{"embeddable":true,"href":"http:\/\/www.tesla.med.br\/index.php\/wp-json\/wp\/v2\/comments?post=15"}],"version-history":[{"count":41,"href":"http:\/\/www.tesla.med.br\/index.php\/wp-json\/wp\/v2\/pages\/15\/revisions"}],"predecessor-version":[{"id":824,"href":"http:\/\/www.tesla.med.br\/index.php\/wp-json\/wp\/v2\/pages\/15\/revisions\/824"}],"wp:attachment":[{"href":"http:\/\/www.tesla.med.br\/index.php\/wp-json\/wp\/v2\/media?parent=15"}],"curies":[{"name":"wp","href":"https:\/\/api.w.org\/{rel}","templated":true}]}}