{"id":16,"date":"2022-06-15T16:47:42","date_gmt":"2022-06-15T19:47:42","guid":{"rendered":"http:\/\/www.tesla.med.br\/?page_id=16"},"modified":"2022-07-21T12:54:52","modified_gmt":"2022-07-21T15:54:52","slug":"parcerias","status":"publish","type":"page","link":"http:\/\/www.tesla.med.br\/index.php\/parcerias\/","title":{"rendered":"Parcerias"},"content":{"rendered":"\t\t<div data-elementor-type=\"wp-page\" data-elementor-id=\"16\" class=\"elementor elementor-16\">\n\t\t\t\t\t\t<section class=\"elementor-section elementor-top-section elementor-element elementor-element-8e1c82e elementor-section-boxed elementor-section-height-default elementor-section-height-default\" data-id=\"8e1c82e\" data-element_type=\"section\">\n\t\t\t\t\t\t<div class=\"elementor-container elementor-column-gap-default\">\n\t\t\t\t\t<div class=\"elementor-column elementor-col-100 elementor-top-column elementor-element elementor-element-4d303e4\" data-id=\"4d303e4\" data-element_type=\"column\">\n\t\t\t<div class=\"elementor-widget-wrap elementor-element-populated\">\n\t\t\t\t\t\t<div class=\"elementor-element elementor-element-36472de elementor-widget elementor-widget-text-editor\" data-id=\"36472de\" data-element_type=\"widget\" data-widget_type=\"text-editor.default\">\n\t\t\t\t<div class=\"elementor-widget-container\">\n\t\t\t<style>\/*! elementor - v3.22.0 - 24-06-2024 *\/\n.elementor-widget-text-editor.elementor-drop-cap-view-stacked .elementor-drop-cap{background-color:#69727d;color:#fff}.elementor-widget-text-editor.elementor-drop-cap-view-framed .elementor-drop-cap{color:#69727d;border:3px solid;background-color:transparent}.elementor-widget-text-editor:not(.elementor-drop-cap-view-default) .elementor-drop-cap{margin-top:8px}.elementor-widget-text-editor:not(.elementor-drop-cap-view-default) .elementor-drop-cap-letter{width:1em;height:1em}.elementor-widget-text-editor .elementor-drop-cap{float:left;text-align:center;line-height:1;font-size:50px}.elementor-widget-text-editor .elementor-drop-cap-letter{display:inline-block}<\/style>\t\t\t\t<p>PARCERIAS<\/p>\t\t\t\t\t\t<\/div>\n\t\t\t\t<\/div>\n\t\t\t\t\t<\/div>\n\t\t<\/div>\n\t\t\t\t\t<\/div>\n\t\t<\/section>\n\t\t\t\t<section class=\"elementor-section elementor-top-section elementor-element elementor-element-924b173 elementor-section-boxed elementor-section-height-default elementor-section-height-default\" data-id=\"924b173\" data-element_type=\"section\" data-settings=\"{&quot;background_background&quot;:&quot;classic&quot;}\">\n\t\t\t\t\t\t<div class=\"elementor-container elementor-column-gap-default\">\n\t\t\t\t\t<div class=\"elementor-column elementor-col-33 elementor-top-column elementor-element elementor-element-7be44e0\" data-id=\"7be44e0\" data-element_type=\"column\">\n\t\t\t<div class=\"elementor-widget-wrap elementor-element-populated\">\n\t\t\t\t\t\t<div class=\"elementor-element elementor-element-f206804 elementor-invisible elementor-widget elementor-widget-text-editor\" data-id=\"f206804\" data-element_type=\"widget\" data-settings=\"{&quot;_animation&quot;:&quot;zoomIn&quot;}\" data-widget_type=\"text-editor.default\">\n\t\t\t\t<div class=\"elementor-widget-container\">\n\t\t\t\t\t\t\t<p><br \/><a href=\"https:\/\/drice.com.br\/sistema-termico-integrado\"><img decoding=\"async\" class=\"alignnone wp-image-627\" src=\"http:\/\/www.tesla.med.br\/wp-content\/uploads\/2022\/07\/parceiros-tesla-doctor-ice-300x180.png\" alt=\"\" width=\"250\" height=\"150\" srcset=\"http:\/\/www.tesla.med.br\/wp-content\/uploads\/2022\/07\/parceiros-tesla-doctor-ice-300x180.png 300w, http:\/\/www.tesla.med.br\/wp-content\/uploads\/2022\/07\/parceiros-tesla-doctor-ice.png 500w\" sizes=\"(max-width: 250px) 100vw, 250px\" \/><\/a><br \/><strong>Doctor Ice &#8211; Chiler\u2019s criogenia STI<br \/><\/strong><\/p><h6>Ar condicionado turnkey<\/h6><h6><em style=\"font-size: 16px;\">___________<\/em><\/h6><h6><a href=\"https:\/\/www.mb.srv.br\/paineis.html\"><img decoding=\"async\" class=\"alignnone wp-image-626\" src=\"http:\/\/www.tesla.med.br\/wp-content\/uploads\/2022\/07\/parceiros-tesla-mb-300x180.png\" alt=\"\" width=\"250\" height=\"150\" srcset=\"http:\/\/www.tesla.med.br\/wp-content\/uploads\/2022\/07\/parceiros-tesla-mb-300x180.png 300w, http:\/\/www.tesla.med.br\/wp-content\/uploads\/2022\/07\/parceiros-tesla-mb.png 500w\" sizes=\"(max-width: 250px) 100vw, 250px\" \/><\/a><\/h6><h5>MB El\u00e9trica Eletr\u00f4nica<\/h5><h6>Quadros el\u00e9tricos e projetos el\u00e9tricos para RM<em><br \/><\/em><\/h6>\t\t\t\t\t\t<\/div>\n\t\t\t\t<\/div>\n\t\t\t\t\t<\/div>\n\t\t<\/div>\n\t\t\t\t<div class=\"elementor-column elementor-col-33 elementor-top-column elementor-element elementor-element-28b4ae6\" data-id=\"28b4ae6\" data-element_type=\"column\">\n\t\t\t<div class=\"elementor-widget-wrap elementor-element-populated\">\n\t\t\t\t\t\t<div class=\"elementor-element elementor-element-7b7c4e2 elementor-invisible elementor-widget elementor-widget-text-editor\" data-id=\"7b7c4e2\" data-element_type=\"widget\" data-settings=\"{&quot;_animation&quot;:&quot;zoomIn&quot;}\" data-widget_type=\"text-editor.default\">\n\t\t\t\t<div class=\"elementor-widget-container\">\n\t\t\t\t\t\t\t<h6>\u00a0<\/h6><p><a href=\"https:\/\/www.leomadeiras.com.br\/home\"><img decoding=\"async\" class=\"alignnone wp-image-596\" src=\"http:\/\/www.tesla.med.br\/wp-content\/uploads\/2022\/07\/parceiros-leo-300x180.png\" alt=\"\" width=\"250\" height=\"150\" srcset=\"http:\/\/www.tesla.med.br\/wp-content\/uploads\/2022\/07\/parceiros-leo-300x180.png 300w, http:\/\/www.tesla.med.br\/wp-content\/uploads\/2022\/07\/parceiros-leo.png 500w\" sizes=\"(max-width: 250px) 100vw, 250px\" \/><\/a><br \/><strong>Leo Madeiras<\/strong><\/p><h6>Acabamentos em Marcenaria<\/h6><h6><em style=\"font-size: 16px;\">___________<\/em><\/h6><p><a href=\"https:\/\/www.techtrans.com.br\/\"><img loading=\"lazy\" decoding=\"async\" class=\"alignnone wp-image-597\" src=\"http:\/\/www.tesla.med.br\/wp-content\/uploads\/2022\/07\/parceiros-tech-trans-300x180.png\" alt=\"\" width=\"250\" height=\"150\" srcset=\"http:\/\/www.tesla.med.br\/wp-content\/uploads\/2022\/07\/parceiros-tech-trans-300x180.png 300w, http:\/\/www.tesla.med.br\/wp-content\/uploads\/2022\/07\/parceiros-tech-trans.png 500w\" sizes=\"(max-width: 250px) 100vw, 250px\" \/><\/a><br \/><strong>TechTrans<\/strong><\/p><h6>Transporte de Sens\u00edveis \/ Sistemas M\u00e9dicos<\/h6>\t\t\t\t\t\t<\/div>\n\t\t\t\t<\/div>\n\t\t\t\t\t<\/div>\n\t\t<\/div>\n\t\t\t\t<div class=\"elementor-column elementor-col-33 elementor-top-column elementor-element elementor-element-c0fd6db\" data-id=\"c0fd6db\" data-element_type=\"column\">\n\t\t\t<div class=\"elementor-widget-wrap elementor-element-populated\">\n\t\t\t\t\t\t<div class=\"elementor-element elementor-element-0f00df5 elementor-invisible elementor-widget elementor-widget-image\" data-id=\"0f00df5\" data-element_type=\"widget\" data-settings=\"{&quot;_animation&quot;:&quot;zoomIn&quot;}\" data-widget_type=\"image.default\">\n\t\t\t\t<div class=\"elementor-widget-container\">\n\t\t\t<style>\/*! elementor - v3.22.0 - 24-06-2024 *\/\n.elementor-widget-image{text-align:center}.elementor-widget-image a{display:inline-block}.elementor-widget-image a img[src$=\".svg\"]{width:48px}.elementor-widget-image img{vertical-align:middle;display:inline-block}<\/style>\t\t\t\t\t\t\t\t\t\t<img loading=\"lazy\" decoding=\"async\" width=\"768\" height=\"575\" src=\"http:\/\/www.tesla.med.br\/wp-content\/uploads\/2022\/07\/parceiros-tesla-768x575-md.jpg\" class=\"attachment-large size-large wp-image-759\" alt=\"\" srcset=\"http:\/\/www.tesla.med.br\/wp-content\/uploads\/2022\/07\/parceiros-tesla-768x575-md.jpg 768w, http:\/\/www.tesla.med.br\/wp-content\/uploads\/2022\/07\/parceiros-tesla-768x575-md-300x225.jpg 300w\" sizes=\"(max-width: 768px) 100vw, 768px\" \/>\t\t\t\t\t\t\t\t\t\t\t\t\t<\/div>\n\t\t\t\t<\/div>\n\t\t\t\t\t<\/div>\n\t\t<\/div>\n\t\t\t\t\t<\/div>\n\t\t<\/section>\n\t\t\t\t<section class=\"elementor-section elementor-top-section elementor-element elementor-element-4d67dcd elementor-section-boxed elementor-section-height-default elementor-section-height-default\" data-id=\"4d67dcd\" data-element_type=\"section\" data-settings=\"{&quot;background_background&quot;:&quot;classic&quot;}\">\n\t\t\t\t\t\t<div class=\"elementor-container elementor-column-gap-default\">\n\t\t\t\t\t<div class=\"elementor-column elementor-col-25 elementor-top-column elementor-element elementor-element-a09e7c1\" data-id=\"a09e7c1\" data-element_type=\"column\" data-settings=\"{&quot;background_background&quot;:&quot;classic&quot;}\">\n\t\t\t<div class=\"elementor-widget-wrap elementor-element-populated\">\n\t\t\t\t\t\t<div class=\"elementor-element elementor-element-2159cd9 elementor-widget elementor-widget-image\" data-id=\"2159cd9\" data-element_type=\"widget\" data-widget_type=\"image.default\">\n\t\t\t\t<div class=\"elementor-widget-container\">\n\t\t\t\t\t\t\t\t\t\t\t\t\t<img decoding=\"async\" src=\"http:\/\/www.tesla.med.br\/wp-content\/uploads\/elementor\/thumbs\/tesla-logotipo-site-pqeixww2ufo2m4pwnzg3qkqelyeeqlc7ucf8inoous.png\" title=\"tesla-logotipo-site\" alt=\"tesla-logotipo-site\" loading=\"lazy\" \/>\t\t\t\t\t\t\t\t\t\t\t\t\t<\/div>\n\t\t\t\t<\/div>\n\t\t\t\t\t<\/div>\n\t\t<\/div>\n\t\t\t\t<div class=\"elementor-column elementor-col-25 elementor-top-column elementor-element elementor-element-68719fd\" data-id=\"68719fd\" data-element_type=\"column\">\n\t\t\t<div class=\"elementor-widget-wrap elementor-element-populated\">\n\t\t\t\t\t\t<div class=\"elementor-element elementor-element-1d805f3 elementor-widget elementor-widget-text-editor\" data-id=\"1d805f3\" data-element_type=\"widget\" data-widget_type=\"text-editor.default\">\n\t\t\t\t<div class=\"elementor-widget-container\">\n\t\t\t\t\t\t\t<p><strong>COMERCIAL\/ADM<\/strong><br \/>Rua Campos Sales, 153, sala 1<br \/>Barcelona &#8211; S\u00e3o Caetano do Sul &#8211; SP<br \/>CEP 09551-310<\/p><p><strong>PRODU\u00c7\u00c3O\/PICKING<\/strong><br \/>Rua Floresbal Chacon Martins, 255<br \/>Vila Suissa &#8211; Mogi das Cruzes &#8211; SP<br \/>CEP 08810-305<\/p>\t\t\t\t\t\t<\/div>\n\t\t\t\t<\/div>\n\t\t\t\t\t<\/div>\n\t\t<\/div>\n\t\t\t\t<div class=\"elementor-column elementor-col-25 elementor-top-column elementor-element elementor-element-7f4d3fb\" data-id=\"7f4d3fb\" data-element_type=\"column\">\n\t\t\t<div class=\"elementor-widget-wrap elementor-element-populated\">\n\t\t\t\t\t\t<div class=\"elementor-element elementor-element-6ad323b elementor-widget elementor-widget-text-editor\" data-id=\"6ad323b\" data-element_type=\"widget\" data-widget_type=\"text-editor.default\">\n\t\t\t\t<div class=\"elementor-widget-container\">\n\t\t\t\t\t\t\t<p><strong>FALE CONOSCO<br \/><\/strong><strong>+55 (11) 2759-2701<br \/><\/strong><strong>+55 (11) 95202-4338<br \/><\/strong>contato@tesla.med.br<\/p>\t\t\t\t\t\t<\/div>\n\t\t\t\t<\/div>\n\t\t\t\t\t<\/div>\n\t\t<\/div>\n\t\t\t\t<div class=\"elementor-column elementor-col-25 elementor-top-column elementor-element elementor-element-b3d7f14\" data-id=\"b3d7f14\" data-element_type=\"column\">\n\t\t\t<div class=\"elementor-widget-wrap elementor-element-populated\">\n\t\t\t\t\t\t<div class=\"elementor-element elementor-element-eb07828 elementor-widget__width-initial elementor-widget elementor-widget-text-editor\" data-id=\"eb07828\" data-element_type=\"widget\" data-widget_type=\"text-editor.default\">\n\t\t\t\t<div class=\"elementor-widget-container\">\n\t\t\t\t\t\t\t<p><strong>REDE SOCIAL<br \/><a href=\"https:\/\/www.facebook.com\/Tesla-Blindagens-276743273204205\/\"><img loading=\"lazy\" decoding=\"async\" class=\"alignnone wp-image-580\" src=\"http:\/\/www.tesla.med.br\/wp-content\/uploads\/2022\/07\/facebook.png\" alt=\"\" width=\"60\" height=\"61\" srcset=\"http:\/\/www.tesla.med.br\/wp-content\/uploads\/2022\/07\/facebook.png 200w, http:\/\/www.tesla.med.br\/wp-content\/uploads\/2022\/07\/facebook-150x150.png 150w\" sizes=\"(max-width: 60px) 100vw, 60px\" \/><\/a> <img loading=\"lazy\" decoding=\"async\" class=\"alignnone wp-image-581\" src=\"http:\/\/www.tesla.med.br\/wp-content\/uploads\/2022\/07\/instagram.png\" alt=\"\" width=\"60\" height=\"61\" srcset=\"http:\/\/www.tesla.med.br\/wp-content\/uploads\/2022\/07\/instagram.png 200w, http:\/\/www.tesla.med.br\/wp-content\/uploads\/2022\/07\/instagram-150x150.png 150w\" sizes=\"(max-width: 60px) 100vw, 60px\" \/> <img loading=\"lazy\" decoding=\"async\" class=\"alignnone wp-image-582\" src=\"http:\/\/www.tesla.med.br\/wp-content\/uploads\/2022\/07\/twiter.png\" alt=\"\" width=\"60\" height=\"61\" srcset=\"http:\/\/www.tesla.med.br\/wp-content\/uploads\/2022\/07\/twiter.png 200w, http:\/\/www.tesla.med.br\/wp-content\/uploads\/2022\/07\/twiter-150x150.png 150w\" sizes=\"(max-width: 60px) 100vw, 60px\" \/><br \/><\/strong><\/p>\t\t\t\t\t\t<\/div>\n\t\t\t\t<\/div>\n\t\t\t\t\t<\/div>\n\t\t<\/div>\n\t\t\t\t\t<\/div>\n\t\t<\/section>\n\t\t\t\t<\/div>\n\t\t","protected":false},"excerpt":{"rendered":"<p>PARCERIAS Doctor Ice &#8211; Chiler\u2019s criogenia STI Ar condicionado turnkey ___________ MB El\u00e9trica Eletr\u00f4nica Quadros el\u00e9tricos e projetos el\u00e9tricos para RM \u00a0 Leo Madeiras Acabamentos em Marcenaria ___________ TechTrans Transporte de Sens\u00edveis \/ Sistemas M\u00e9dicos COMERCIAL\/ADMRua Campos Sales, 153, sala 1Barcelona &#8211; S\u00e3o Caetano do Sul &#8211; SPCEP 09551-310 PRODU\u00c7\u00c3O\/PICKINGRua Floresbal Chacon Martins, 255Vila Suissa [&hellip;]<\/p>\n","protected":false},"author":1,"featured_media":0,"parent":0,"menu_order":0,"comment_status":"closed","ping_status":"closed","template":"","meta":{"footnotes":""},"_links":{"self":[{"href":"http:\/\/www.tesla.med.br\/index.php\/wp-json\/wp\/v2\/pages\/16"}],"collection":[{"href":"http:\/\/www.tesla.med.br\/index.php\/wp-json\/wp\/v2\/pages"}],"about":[{"href":"http:\/\/www.tesla.med.br\/index.php\/wp-json\/wp\/v2\/types\/page"}],"author":[{"embeddable":true,"href":"http:\/\/www.tesla.med.br\/index.php\/wp-json\/wp\/v2\/users\/1"}],"replies":[{"embeddable":true,"href":"http:\/\/www.tesla.med.br\/index.php\/wp-json\/wp\/v2\/comments?post=16"}],"version-history":[{"count":112,"href":"http:\/\/www.tesla.med.br\/index.php\/wp-json\/wp\/v2\/pages\/16\/revisions"}],"predecessor-version":[{"id":762,"href":"http:\/\/www.tesla.med.br\/index.php\/wp-json\/wp\/v2\/pages\/16\/revisions\/762"}],"wp:attachment":[{"href":"http:\/\/www.tesla.med.br\/index.php\/wp-json\/wp\/v2\/media?parent=16"}],"curies":[{"name":"wp","href":"https:\/\/api.w.org\/{rel}","templated":true}]}}