{"id":17,"date":"2022-06-15T16:47:42","date_gmt":"2022-06-15T19:47:42","guid":{"rendered":"http:\/\/www.tesla.med.br\/?page_id=17"},"modified":"2022-07-22T10:34:49","modified_gmt":"2022-07-22T13:34:49","slug":"clientes-2","status":"publish","type":"page","link":"http:\/\/www.tesla.med.br\/index.php\/clientes-2\/","title":{"rendered":"Clientes"},"content":{"rendered":"\t\t<div data-elementor-type=\"wp-page\" data-elementor-id=\"17\" class=\"elementor elementor-17\">\n\t\t\t\t\t\t<section class=\"elementor-section elementor-top-section elementor-element elementor-element-44ea96b elementor-section-boxed elementor-section-height-default elementor-section-height-default\" data-id=\"44ea96b\" data-element_type=\"section\">\n\t\t\t\t\t\t<div class=\"elementor-container elementor-column-gap-default\">\n\t\t\t\t\t<div class=\"elementor-column elementor-col-100 elementor-top-column elementor-element elementor-element-2893b54\" data-id=\"2893b54\" data-element_type=\"column\">\n\t\t\t<div class=\"elementor-widget-wrap elementor-element-populated\">\n\t\t\t\t\t\t<div class=\"elementor-element elementor-element-9341bdf elementor-widget elementor-widget-text-editor\" data-id=\"9341bdf\" data-element_type=\"widget\" data-widget_type=\"text-editor.default\">\n\t\t\t\t<div class=\"elementor-widget-container\">\n\t\t\t<style>\/*! elementor - v3.22.0 - 24-06-2024 *\/\n.elementor-widget-text-editor.elementor-drop-cap-view-stacked .elementor-drop-cap{background-color:#69727d;color:#fff}.elementor-widget-text-editor.elementor-drop-cap-view-framed .elementor-drop-cap{color:#69727d;border:3px solid;background-color:transparent}.elementor-widget-text-editor:not(.elementor-drop-cap-view-default) .elementor-drop-cap{margin-top:8px}.elementor-widget-text-editor:not(.elementor-drop-cap-view-default) .elementor-drop-cap-letter{width:1em;height:1em}.elementor-widget-text-editor .elementor-drop-cap{float:left;text-align:center;line-height:1;font-size:50px}.elementor-widget-text-editor .elementor-drop-cap-letter{display:inline-block}<\/style>\t\t\t\t<p>CLIENTES<\/p>\t\t\t\t\t\t<\/div>\n\t\t\t\t<\/div>\n\t\t\t\t\t<\/div>\n\t\t<\/div>\n\t\t\t\t\t<\/div>\n\t\t<\/section>\n\t\t\t\t<section class=\"elementor-section elementor-top-section elementor-element elementor-element-6aad5c5 elementor-section-boxed elementor-section-height-default elementor-section-height-default\" data-id=\"6aad5c5\" data-element_type=\"section\">\n\t\t\t\t\t\t<div class=\"elementor-container elementor-column-gap-default\">\n\t\t\t\t\t<div class=\"elementor-column elementor-col-100 elementor-top-column elementor-element elementor-element-63a4416\" data-id=\"63a4416\" data-element_type=\"column\">\n\t\t\t<div class=\"elementor-widget-wrap elementor-element-populated\">\n\t\t\t\t\t\t<div class=\"elementor-element elementor-element-09a659a elementor-widget elementor-widget-text-editor\" data-id=\"09a659a\" data-element_type=\"widget\" data-widget_type=\"text-editor.default\">\n\t\t\t\t<div class=\"elementor-widget-container\">\n\t\t\t\t\t\t\t <!-- start Fla-shop.com HTML5 Map --> <div class='freeHtmlMapright htmlMapResponsive' style='max-width:780px; width: 100%'> <div id='map-container-0' class='freeHtmlMapContainer' data-map-variable='map0'><\/div> <link href='http:\/\/www.tesla.med.br\/wp-content\/plugins\/html5-maps\/static\/css\/map.css' rel='stylesheet'> <style> body .fm-tooltip { color: #000000; font-size: 20px; } <\/style> <script src='\/\/cdn.html5maps.com\/3d_party\/raphael.min.js'><\/script> <script src='http:\/\/www.tesla.med.br\/index.php?freemap_js_data=true&#038;map_id=0&#038;r=44067'><\/script> <script src='\/\/cdn.html5maps.com\/libs\/locator\/2.4.0\/brazil\/map.js'><\/script> <script> var map0 = new FlaMap(map_cfg); map0.drawOnDomReady('map-container-0'); map0.on('click', function(ev, sid, map) { jQuery('#freeHtmlMapStateInfo0').html(''); var link = map.mapConfig.map_data[sid]['link']; if (link == '#info') { var id = map.mapConfig.map_data[sid]['id']; jQuery('#freeHtmlMapStateInfo0').html('Loading...'); jQuery.ajax({ type: 'POST', url: 'http:\/\/www.tesla.med.br\/index.php?freemap_get_state_info='+id+'&map_id=0', success: function(data, textStatus, jqXHR){ jQuery('#freeHtmlMapStateInfo0').html(data); }, dataType: 'text' }); } }); <\/script> <div id='freeHtmlMapStateInfo0' class='freeHtmlMapStateInfo'><\/div> <\/div> <div style='clear: both'><\/div> <!-- end HTML5 Map --> \t\t\t\t\t\t<\/div>\n\t\t\t\t<\/div>\n\t\t\t\t\t<\/div>\n\t\t<\/div>\n\t\t\t\t\t<\/div>\n\t\t<\/section>\n\t\t\t\t<section class=\"elementor-section elementor-top-section elementor-element elementor-element-fb4a83b elementor-section-boxed elementor-section-height-default elementor-section-height-default\" data-id=\"fb4a83b\" data-element_type=\"section\" data-settings=\"{&quot;background_background&quot;:&quot;classic&quot;}\">\n\t\t\t\t\t\t<div class=\"elementor-container elementor-column-gap-default\">\n\t\t\t\t\t<div class=\"elementor-column elementor-col-25 elementor-top-column elementor-element elementor-element-f6416d3\" data-id=\"f6416d3\" data-element_type=\"column\" data-settings=\"{&quot;background_background&quot;:&quot;classic&quot;}\">\n\t\t\t<div class=\"elementor-widget-wrap elementor-element-populated\">\n\t\t\t\t\t\t<div class=\"elementor-element elementor-element-15c8123 elementor-widget elementor-widget-image\" data-id=\"15c8123\" data-element_type=\"widget\" data-widget_type=\"image.default\">\n\t\t\t\t<div class=\"elementor-widget-container\">\n\t\t\t<style>\/*! elementor - v3.22.0 - 24-06-2024 *\/\n.elementor-widget-image{text-align:center}.elementor-widget-image a{display:inline-block}.elementor-widget-image a img[src$=\".svg\"]{width:48px}.elementor-widget-image img{vertical-align:middle;display:inline-block}<\/style>\t\t\t\t\t\t\t\t\t\t<img decoding=\"async\" src=\"http:\/\/www.tesla.med.br\/wp-content\/uploads\/elementor\/thumbs\/tesla-logotipo-site-pqeixww2ufo2m4pwnzg3qkqelyeeqlc7ucf8inoous.png\" title=\"tesla-logotipo-site\" alt=\"tesla-logotipo-site\" loading=\"lazy\" \/>\t\t\t\t\t\t\t\t\t\t\t\t\t<\/div>\n\t\t\t\t<\/div>\n\t\t\t\t\t<\/div>\n\t\t<\/div>\n\t\t\t\t<div class=\"elementor-column elementor-col-25 elementor-top-column elementor-element elementor-element-d490d26\" data-id=\"d490d26\" data-element_type=\"column\">\n\t\t\t<div class=\"elementor-widget-wrap elementor-element-populated\">\n\t\t\t\t\t\t<div class=\"elementor-element elementor-element-776b883 elementor-widget elementor-widget-text-editor\" data-id=\"776b883\" data-element_type=\"widget\" data-widget_type=\"text-editor.default\">\n\t\t\t\t<div class=\"elementor-widget-container\">\n\t\t\t\t\t\t\t<p><strong>COMERCIAL\/ADM<\/strong><br \/>Rua Campos Sales, 153, sala 1<br \/>Barcelona &#8211; S\u00e3o Caetano do Sul &#8211; SP<br \/>CEP 09551-310<\/p><p><strong>PRODU\u00c7\u00c3O\/PICKING<\/strong><br \/>Rua Floresbal Chacon Martins, 255<br \/>Vila Suissa &#8211; Mogi das Cruzes &#8211; SP<br \/>CEP 08810-305<\/p>\t\t\t\t\t\t<\/div>\n\t\t\t\t<\/div>\n\t\t\t\t\t<\/div>\n\t\t<\/div>\n\t\t\t\t<div class=\"elementor-column elementor-col-25 elementor-top-column elementor-element elementor-element-a8984ee\" data-id=\"a8984ee\" data-element_type=\"column\">\n\t\t\t<div class=\"elementor-widget-wrap elementor-element-populated\">\n\t\t\t\t\t\t<div class=\"elementor-element elementor-element-1afb117 elementor-widget elementor-widget-text-editor\" data-id=\"1afb117\" data-element_type=\"widget\" data-widget_type=\"text-editor.default\">\n\t\t\t\t<div class=\"elementor-widget-container\">\n\t\t\t\t\t\t\t<p><strong>FALE CONOSCO<br \/><\/strong><strong>+55 (11) 2759-2701<br \/><\/strong><strong>+55 (11) 95202-4338<br \/><\/strong>contato@tesla.med.br<\/p>\t\t\t\t\t\t<\/div>\n\t\t\t\t<\/div>\n\t\t\t\t\t<\/div>\n\t\t<\/div>\n\t\t\t\t<div class=\"elementor-column elementor-col-25 elementor-top-column elementor-element elementor-element-1522b34\" data-id=\"1522b34\" data-element_type=\"column\">\n\t\t\t<div class=\"elementor-widget-wrap elementor-element-populated\">\n\t\t\t\t\t\t<div class=\"elementor-element elementor-element-97e73a7 elementor-widget__width-initial elementor-widget elementor-widget-text-editor\" data-id=\"97e73a7\" data-element_type=\"widget\" data-widget_type=\"text-editor.default\">\n\t\t\t\t<div class=\"elementor-widget-container\">\n\t\t\t\t\t\t\t<p><strong>REDE SOCIAL<br \/><a href=\"https:\/\/www.facebook.com\/Tesla-Blindagens-276743273204205\/\"><img decoding=\"async\" class=\"alignnone wp-image-580\" src=\"http:\/\/www.tesla.med.br\/wp-content\/uploads\/2022\/07\/facebook.png\" alt=\"\" width=\"60\" height=\"61\" srcset=\"http:\/\/www.tesla.med.br\/wp-content\/uploads\/2022\/07\/facebook.png 200w, http:\/\/www.tesla.med.br\/wp-content\/uploads\/2022\/07\/facebook-150x150.png 150w\" sizes=\"(max-width: 60px) 100vw, 60px\" \/><\/a> <img decoding=\"async\" class=\"alignnone wp-image-581\" src=\"http:\/\/www.tesla.med.br\/wp-content\/uploads\/2022\/07\/instagram.png\" alt=\"\" width=\"60\" height=\"61\" srcset=\"http:\/\/www.tesla.med.br\/wp-content\/uploads\/2022\/07\/instagram.png 200w, http:\/\/www.tesla.med.br\/wp-content\/uploads\/2022\/07\/instagram-150x150.png 150w\" sizes=\"(max-width: 60px) 100vw, 60px\" \/> <img decoding=\"async\" class=\"alignnone wp-image-582\" src=\"http:\/\/www.tesla.med.br\/wp-content\/uploads\/2022\/07\/twiter.png\" alt=\"\" width=\"60\" height=\"61\" srcset=\"http:\/\/www.tesla.med.br\/wp-content\/uploads\/2022\/07\/twiter.png 200w, http:\/\/www.tesla.med.br\/wp-content\/uploads\/2022\/07\/twiter-150x150.png 150w\" sizes=\"(max-width: 60px) 100vw, 60px\" \/><br \/><\/strong><\/p>\t\t\t\t\t\t<\/div>\n\t\t\t\t<\/div>\n\t\t\t\t\t<\/div>\n\t\t<\/div>\n\t\t\t\t\t<\/div>\n\t\t<\/section>\n\t\t\t\t<\/div>\n\t\t","protected":false},"excerpt":{"rendered":"<p>CLIENTES COMERCIAL\/ADMRua Campos Sales, 153, sala 1Barcelona &#8211; S\u00e3o Caetano do Sul &#8211; SPCEP 09551-310 PRODU\u00c7\u00c3O\/PICKINGRua Floresbal Chacon Martins, 255Vila Suissa &#8211; Mogi das Cruzes &#8211; SPCEP 08810-305 FALE CONOSCO+55 (11) 2759-2701+55 (11) 95202-4338contato@tesla.med.br REDE SOCIAL<\/p>\n","protected":false},"author":1,"featured_media":0,"parent":0,"menu_order":0,"comment_status":"closed","ping_status":"closed","template":"","meta":{"footnotes":""},"_links":{"self":[{"href":"http:\/\/www.tesla.med.br\/index.php\/wp-json\/wp\/v2\/pages\/17"}],"collection":[{"href":"http:\/\/www.tesla.med.br\/index.php\/wp-json\/wp\/v2\/pages"}],"about":[{"href":"http:\/\/www.tesla.med.br\/index.php\/wp-json\/wp\/v2\/types\/page"}],"author":[{"embeddable":true,"href":"http:\/\/www.tesla.med.br\/index.php\/wp-json\/wp\/v2\/users\/1"}],"replies":[{"embeddable":true,"href":"http:\/\/www.tesla.med.br\/index.php\/wp-json\/wp\/v2\/comments?post=17"}],"version-history":[{"count":43,"href":"http:\/\/www.tesla.med.br\/index.php\/wp-json\/wp\/v2\/pages\/17\/revisions"}],"predecessor-version":[{"id":779,"href":"http:\/\/www.tesla.med.br\/index.php\/wp-json\/wp\/v2\/pages\/17\/revisions\/779"}],"wp:attachment":[{"href":"http:\/\/www.tesla.med.br\/index.php\/wp-json\/wp\/v2\/media?parent=17"}],"curies":[{"name":"wp","href":"https:\/\/api.w.org\/{rel}","templated":true}]}}