{"id":18,"date":"2022-06-15T16:47:42","date_gmt":"2022-06-15T19:47:42","guid":{"rendered":"http:\/\/www.tesla.med.br\/?page_id=18"},"modified":"2022-07-20T13:07:28","modified_gmt":"2022-07-20T16:07:28","slug":"contato","status":"publish","type":"page","link":"http:\/\/www.tesla.med.br\/index.php\/contato\/","title":{"rendered":"Contato"},"content":{"rendered":"\t\t<div data-elementor-type=\"wp-page\" data-elementor-id=\"18\" class=\"elementor elementor-18\">\n\t\t\t\t\t\t<section class=\"elementor-section elementor-top-section elementor-element elementor-element-c4608b3 elementor-section-boxed elementor-section-height-default elementor-section-height-default\" data-id=\"c4608b3\" data-element_type=\"section\">\n\t\t\t\t\t\t<div class=\"elementor-container elementor-column-gap-default\">\n\t\t\t\t\t<div class=\"elementor-column elementor-col-100 elementor-top-column elementor-element elementor-element-9ac1d1f\" data-id=\"9ac1d1f\" data-element_type=\"column\">\n\t\t\t<div class=\"elementor-widget-wrap elementor-element-populated\">\n\t\t\t\t\t\t<div class=\"elementor-element elementor-element-d75e1e3 elementor-widget elementor-widget-text-editor\" data-id=\"d75e1e3\" data-element_type=\"widget\" data-widget_type=\"text-editor.default\">\n\t\t\t\t<div class=\"elementor-widget-container\">\n\t\t\t<style>\/*! elementor - v3.22.0 - 24-06-2024 *\/\n.elementor-widget-text-editor.elementor-drop-cap-view-stacked .elementor-drop-cap{background-color:#69727d;color:#fff}.elementor-widget-text-editor.elementor-drop-cap-view-framed .elementor-drop-cap{color:#69727d;border:3px solid;background-color:transparent}.elementor-widget-text-editor:not(.elementor-drop-cap-view-default) .elementor-drop-cap{margin-top:8px}.elementor-widget-text-editor:not(.elementor-drop-cap-view-default) .elementor-drop-cap-letter{width:1em;height:1em}.elementor-widget-text-editor .elementor-drop-cap{float:left;text-align:center;line-height:1;font-size:50px}.elementor-widget-text-editor .elementor-drop-cap-letter{display:inline-block}<\/style>\t\t\t\t<p>CONTATO<\/p>\t\t\t\t\t\t<\/div>\n\t\t\t\t<\/div>\n\t\t\t\t\t<\/div>\n\t\t<\/div>\n\t\t\t\t\t<\/div>\n\t\t<\/section>\n\t\t\t\t<section class=\"elementor-section elementor-top-section elementor-element elementor-element-5801393 elementor-section-boxed elementor-section-height-default elementor-section-height-default\" data-id=\"5801393\" data-element_type=\"section\" data-settings=\"{&quot;background_background&quot;:&quot;classic&quot;}\">\n\t\t\t\t\t\t<div class=\"elementor-container elementor-column-gap-default\">\n\t\t\t\t\t<div class=\"elementor-column elementor-col-50 elementor-top-column elementor-element elementor-element-e134d24\" data-id=\"e134d24\" data-element_type=\"column\">\n\t\t\t<div class=\"elementor-widget-wrap elementor-element-populated\">\n\t\t\t\t\t\t<div class=\"elementor-element elementor-element-b7e80dd elementor-invisible elementor-widget elementor-widget-text-editor\" data-id=\"b7e80dd\" data-element_type=\"widget\" data-settings=\"{&quot;_animation&quot;:&quot;zoomIn&quot;}\" data-widget_type=\"text-editor.default\">\n\t\t\t\t<div class=\"elementor-widget-container\">\n\t\t\t\t\t\t\t<h4><strong>Fale conosco!<\/strong><\/h4><p>Solicite or\u00e7amento ou mais informa\u00e7\u00f5es sobre nossos produtos<br \/>\n<div class=\"wpcf7 no-js\" id=\"wpcf7-f6-o1\" lang=\"pt-BR\" dir=\"ltr\">\n<div class=\"screen-reader-response\"><p role=\"status\" aria-live=\"polite\" aria-atomic=\"true\"><\/p> <ul><\/ul><\/div>\n<form action=\"\/index.php\/wp-json\/wp\/v2\/pages\/18#wpcf7-f6-o1\" method=\"post\" class=\"wpcf7-form init\" aria-label=\"Formul\u00e1rios de contato\" novalidate=\"novalidate\" data-status=\"init\">\n<div style=\"display: none;\">\n<input type=\"hidden\" name=\"_wpcf7\" value=\"6\" \/>\n<input type=\"hidden\" name=\"_wpcf7_version\" value=\"5.9.6\" \/>\n<input type=\"hidden\" name=\"_wpcf7_locale\" value=\"pt_BR\" \/>\n<input type=\"hidden\" name=\"_wpcf7_unit_tag\" value=\"wpcf7-f6-o1\" \/>\n<input type=\"hidden\" name=\"_wpcf7_container_post\" value=\"0\" \/>\n<input type=\"hidden\" name=\"_wpcf7_posted_data_hash\" value=\"\" \/>\n<\/div>\n<p><label> Seu nome<br \/>\n<span class=\"wpcf7-form-control-wrap\" data-name=\"your-name\"><input size=\"40\" maxlength=\"80\" class=\"wpcf7-form-control wpcf7-text wpcf7-validates-as-required\" aria-required=\"true\" aria-invalid=\"false\" value=\"\" type=\"text\" name=\"your-name\" \/><\/span> <\/label>\n<\/p>\n<p><label> Seu e-mail<br \/>\n<span class=\"wpcf7-form-control-wrap\" data-name=\"your-email\"><input size=\"40\" maxlength=\"80\" class=\"wpcf7-form-control wpcf7-email wpcf7-validates-as-required wpcf7-text wpcf7-validates-as-email\" aria-required=\"true\" aria-invalid=\"false\" value=\"\" type=\"email\" name=\"your-email\" \/><\/span> <\/label>\n<\/p>\n<p><label> Assunto<br \/>\n<span class=\"wpcf7-form-control-wrap\" data-name=\"your-subject\"><input size=\"40\" maxlength=\"80\" class=\"wpcf7-form-control wpcf7-text wpcf7-validates-as-required\" aria-required=\"true\" aria-invalid=\"false\" value=\"\" type=\"text\" name=\"your-subject\" \/><\/span> <\/label>\n<\/p>\n<p><label> Sua mensagem (opcional)<br \/>\n<span class=\"wpcf7-form-control-wrap\" data-name=\"your-message\"><textarea cols=\"40\" rows=\"10\" maxlength=\"400\" class=\"wpcf7-form-control wpcf7-textarea\" aria-invalid=\"false\" name=\"your-message\"><\/textarea><\/span> <\/label>\n<\/p>\n<p><input class=\"wpcf7-form-control wpcf7-submit has-spinner\" type=\"submit\" value=\"Enviar\" \/>\n<\/p><p style=\"display: none !important;\" class=\"akismet-fields-container\" data-prefix=\"_wpcf7_ak_\"><label>&#916;<textarea name=\"_wpcf7_ak_hp_textarea\" cols=\"45\" rows=\"8\" maxlength=\"100\"><\/textarea><\/label><input type=\"hidden\" id=\"ak_js_1\" name=\"_wpcf7_ak_js\" value=\"123\"\/><script>document.getElementById( \"ak_js_1\" ).setAttribute( \"value\", ( new Date() ).getTime() );<\/script><\/p><div class=\"wpcf7-response-output\" aria-hidden=\"true\"><\/div>\n<\/form>\n<\/div>\n<\/p>\t\t\t\t\t\t<\/div>\n\t\t\t\t<\/div>\n\t\t\t\t\t<\/div>\n\t\t<\/div>\n\t\t\t\t<div class=\"elementor-column elementor-col-50 elementor-top-column elementor-element elementor-element-13ca0b5\" data-id=\"13ca0b5\" data-element_type=\"column\">\n\t\t\t<div class=\"elementor-widget-wrap elementor-element-populated\">\n\t\t\t\t\t\t<div class=\"elementor-element elementor-element-e3135b4 elementor-invisible elementor-widget elementor-widget-text-editor\" data-id=\"e3135b4\" data-element_type=\"widget\" data-settings=\"{&quot;_animation&quot;:&quot;zoomIn&quot;}\" data-widget_type=\"text-editor.default\">\n\t\t\t\t<div class=\"elementor-widget-container\">\n\t\t\t\t\t\t\t<h4><strong>Localiza\u00e7\u00e3o<br \/><\/strong><\/h4><p>COMERCIAL<br \/><iframe style=\"border: 0;\" src=\"https:\/\/www.google.com\/maps\/embed?pb=!1m18!1m12!1m3!1d3655.4192971098987!2d-46.555497984607854!3d-23.625150469837166!2m3!1f0!2f0!3f0!3m2!1i1024!2i768!4f13.1!3m3!1m2!1s0x94ce5d2873faf829%3A0x8899fae38f1e087d!2sR.%20Campos%20Sales%2C%20153%20-%201%20-%20Barcelona%2C%20S%C3%A3o%20Caetano%20do%20Sul%20-%20SP%2C%2009551-310!5e0!3m2!1spt-BR!2sbr!4v1657292901935!5m2!1spt-BR!2sbr\" width=\"600\" height=\"240\" allowfullscreen=\"allowfullscreen\"><\/iframe><\/p><p>\u00a0<\/p><p>OPERACIONAL<iframe style=\"border: 0;\" src=\"https:\/\/www.google.com\/maps\/embed?pb=!1m18!1m12!1m3!1d3659.064049737075!2d-46.14592308484731!3d-23.494202384716306!2m3!1f0!2f0!3f0!3m2!1i1024!2i768!4f13.1!3m3!1m2!1s0x94cdd9e317e85401%3A0x9a56e4cb988ea776!2sAv.%20Floresbal%20Chacon%20Martins%2C%20255%20-%20Vila%20Suissa%2C%20Mogi%20das%20Cruzes%20-%20SP!5e0!3m2!1spt-BR!2sbr!4v1655475306876!5m2!1spt-BR!2sbr\" width=\"600\" height=\"240\" allowfullscreen=\"allowfullscreen\"><\/iframe><\/p>\t\t\t\t\t\t<\/div>\n\t\t\t\t<\/div>\n\t\t\t\t\t<\/div>\n\t\t<\/div>\n\t\t\t\t\t<\/div>\n\t\t<\/section>\n\t\t\t\t<section class=\"elementor-section elementor-top-section elementor-element elementor-element-767c489 elementor-section-boxed elementor-section-height-default elementor-section-height-default\" data-id=\"767c489\" data-element_type=\"section\" data-settings=\"{&quot;background_background&quot;:&quot;classic&quot;}\">\n\t\t\t\t\t\t<div class=\"elementor-container elementor-column-gap-default\">\n\t\t\t\t\t<div class=\"elementor-column elementor-col-25 elementor-top-column elementor-element elementor-element-647232e\" data-id=\"647232e\" data-element_type=\"column\" data-settings=\"{&quot;background_background&quot;:&quot;classic&quot;}\">\n\t\t\t<div class=\"elementor-widget-wrap elementor-element-populated\">\n\t\t\t\t\t\t<div class=\"elementor-element elementor-element-e50fdde elementor-widget elementor-widget-image\" data-id=\"e50fdde\" data-element_type=\"widget\" data-widget_type=\"image.default\">\n\t\t\t\t<div class=\"elementor-widget-container\">\n\t\t\t<style>\/*! elementor - v3.22.0 - 24-06-2024 *\/\n.elementor-widget-image{text-align:center}.elementor-widget-image a{display:inline-block}.elementor-widget-image a img[src$=\".svg\"]{width:48px}.elementor-widget-image img{vertical-align:middle;display:inline-block}<\/style>\t\t\t\t\t\t\t\t\t\t<img decoding=\"async\" src=\"http:\/\/www.tesla.med.br\/wp-content\/uploads\/elementor\/thumbs\/tesla-logotipo-site-pqeixww2ufo2m4pwnzg3qkqelyeeqlc7ucf8inoous.png\" title=\"tesla-logotipo-site\" alt=\"tesla-logotipo-site\" loading=\"lazy\" \/>\t\t\t\t\t\t\t\t\t\t\t\t\t<\/div>\n\t\t\t\t<\/div>\n\t\t\t\t\t<\/div>\n\t\t<\/div>\n\t\t\t\t<div class=\"elementor-column elementor-col-25 elementor-top-column elementor-element elementor-element-529cd9a\" data-id=\"529cd9a\" data-element_type=\"column\">\n\t\t\t<div class=\"elementor-widget-wrap elementor-element-populated\">\n\t\t\t\t\t\t<div class=\"elementor-element elementor-element-ef379af elementor-widget elementor-widget-text-editor\" data-id=\"ef379af\" data-element_type=\"widget\" data-widget_type=\"text-editor.default\">\n\t\t\t\t<div class=\"elementor-widget-container\">\n\t\t\t\t\t\t\t<p><strong>COMERCIAL\/ADM<\/strong><br \/>Rua Campos Sales, 153, sala 1<br \/>Barcelona &#8211; S\u00e3o Caetano do Sul &#8211; SP<br \/>CEP 09551-310<\/p><p><strong>PRODU\u00c7\u00c3O\/PICKING<\/strong><br \/>Rua Floresbal Chacon Martins, 255<br \/>Vila Suissa &#8211; Mogi das Cruzes &#8211; SP<br \/>CEP 08810-305<\/p>\t\t\t\t\t\t<\/div>\n\t\t\t\t<\/div>\n\t\t\t\t\t<\/div>\n\t\t<\/div>\n\t\t\t\t<div class=\"elementor-column elementor-col-25 elementor-top-column elementor-element elementor-element-fcc8af0\" data-id=\"fcc8af0\" data-element_type=\"column\">\n\t\t\t<div class=\"elementor-widget-wrap elementor-element-populated\">\n\t\t\t\t\t\t<div class=\"elementor-element elementor-element-19c1ed9 elementor-widget elementor-widget-text-editor\" data-id=\"19c1ed9\" data-element_type=\"widget\" data-widget_type=\"text-editor.default\">\n\t\t\t\t<div class=\"elementor-widget-container\">\n\t\t\t\t\t\t\t<p><strong>FALE CONOSCO<br \/><\/strong><strong>+55 (11) 2759-2701<br \/><\/strong><strong>+55 (11) 95202-4338<br \/><\/strong>contato@tesla.med.br<\/p>\t\t\t\t\t\t<\/div>\n\t\t\t\t<\/div>\n\t\t\t\t\t<\/div>\n\t\t<\/div>\n\t\t\t\t<div class=\"elementor-column elementor-col-25 elementor-top-column elementor-element elementor-element-2dfc6b9\" data-id=\"2dfc6b9\" data-element_type=\"column\">\n\t\t\t<div class=\"elementor-widget-wrap elementor-element-populated\">\n\t\t\t\t\t\t<div class=\"elementor-element elementor-element-0655303 elementor-widget__width-initial elementor-widget elementor-widget-text-editor\" data-id=\"0655303\" data-element_type=\"widget\" data-widget_type=\"text-editor.default\">\n\t\t\t\t<div class=\"elementor-widget-container\">\n\t\t\t\t\t\t\t<p><strong>REDE SOCIAL<br \/><a href=\"https:\/\/www.facebook.com\/Tesla-Blindagens-276743273204205\/\"><img decoding=\"async\" class=\"alignnone wp-image-580\" src=\"http:\/\/www.tesla.med.br\/wp-content\/uploads\/2022\/07\/facebook.png\" alt=\"\" width=\"60\" height=\"61\" srcset=\"http:\/\/www.tesla.med.br\/wp-content\/uploads\/2022\/07\/facebook.png 200w, http:\/\/www.tesla.med.br\/wp-content\/uploads\/2022\/07\/facebook-150x150.png 150w\" sizes=\"(max-width: 60px) 100vw, 60px\" \/><\/a> <img decoding=\"async\" class=\"alignnone wp-image-581\" src=\"http:\/\/www.tesla.med.br\/wp-content\/uploads\/2022\/07\/instagram.png\" alt=\"\" width=\"60\" height=\"61\" srcset=\"http:\/\/www.tesla.med.br\/wp-content\/uploads\/2022\/07\/instagram.png 200w, http:\/\/www.tesla.med.br\/wp-content\/uploads\/2022\/07\/instagram-150x150.png 150w\" sizes=\"(max-width: 60px) 100vw, 60px\" \/> <img decoding=\"async\" class=\"alignnone wp-image-582\" src=\"http:\/\/www.tesla.med.br\/wp-content\/uploads\/2022\/07\/twiter.png\" alt=\"\" width=\"60\" height=\"61\" srcset=\"http:\/\/www.tesla.med.br\/wp-content\/uploads\/2022\/07\/twiter.png 200w, http:\/\/www.tesla.med.br\/wp-content\/uploads\/2022\/07\/twiter-150x150.png 150w\" sizes=\"(max-width: 60px) 100vw, 60px\" \/><br \/><\/strong><\/p>\t\t\t\t\t\t<\/div>\n\t\t\t\t<\/div>\n\t\t\t\t\t<\/div>\n\t\t<\/div>\n\t\t\t\t\t<\/div>\n\t\t<\/section>\n\t\t\t\t<\/div>\n\t\t","protected":false},"excerpt":{"rendered":"<p>CONTATO Fale conosco! Solicite or\u00e7amento ou mais informa\u00e7\u00f5es sobre nossos produtos Localiza\u00e7\u00e3o COMERCIAL \u00a0 OPERACIONAL COMERCIAL\/ADMRua Campos Sales, 153, sala 1Barcelona &#8211; S\u00e3o Caetano do Sul &#8211; SPCEP 09551-310 PRODU\u00c7\u00c3O\/PICKINGRua Floresbal Chacon Martins, 255Vila Suissa &#8211; Mogi das Cruzes &#8211; SPCEP 08810-305 FALE CONOSCO+55 (11) 2759-2701+55 (11) 95202-4338contato@tesla.med.br REDE SOCIAL<\/p>\n","protected":false},"author":1,"featured_media":0,"parent":0,"menu_order":0,"comment_status":"closed","ping_status":"closed","template":"","meta":{"footnotes":""},"_links":{"self":[{"href":"http:\/\/www.tesla.med.br\/index.php\/wp-json\/wp\/v2\/pages\/18"}],"collection":[{"href":"http:\/\/www.tesla.med.br\/index.php\/wp-json\/wp\/v2\/pages"}],"about":[{"href":"http:\/\/www.tesla.med.br\/index.php\/wp-json\/wp\/v2\/types\/page"}],"author":[{"embeddable":true,"href":"http:\/\/www.tesla.med.br\/index.php\/wp-json\/wp\/v2\/users\/1"}],"replies":[{"embeddable":true,"href":"http:\/\/www.tesla.med.br\/index.php\/wp-json\/wp\/v2\/comments?post=18"}],"version-history":[{"count":52,"href":"http:\/\/www.tesla.med.br\/index.php\/wp-json\/wp\/v2\/pages\/18\/revisions"}],"predecessor-version":[{"id":728,"href":"http:\/\/www.tesla.med.br\/index.php\/wp-json\/wp\/v2\/pages\/18\/revisions\/728"}],"wp:attachment":[{"href":"http:\/\/www.tesla.med.br\/index.php\/wp-json\/wp\/v2\/media?parent=18"}],"curies":[{"name":"wp","href":"https:\/\/api.w.org\/{rel}","templated":true}]}}